{"id":2520,"date":"2023-10-13T09:03:12","date_gmt":"2023-10-13T09:03:12","guid":{"rendered":"https:\/\/demo.stabiahall.it\/?page_id=2520"},"modified":"2026-01-14T21:07:31","modified_gmt":"2026-01-14T21:07:31","slug":"progetto-cinema-scuola","status":"publish","type":"page","link":"https:\/\/stabiahall.it\/index.php\/progetto-cinema-scuola\/","title":{"rendered":"Progetto Cinema-Scuola"},"content":{"rendered":"<div class=\"wpb-content-wrapper\"><p>[vc_row full_width=&#8221;stretch_row&#8221; css=&#8221;.vc_custom_1702110183790{margin-top: -175px !important;background-color: #1e1e1e !important;}&#8221;][vc_column][vc_column_text]L\u2019 iniziativa\u00a0<strong><em>\u201cAlunni al cinema\u201d<\/em><\/strong>\u00a0vuole entrare a far parte di quello che \u00e8 l\u2019attento panorama scolastico al fine di costituire un ulteriore e valida alternativa agli strumenti educativi e di formazione:\u00a0<strong>la forza delle immagini \u00e8 in grado di fornire messaggi e di affascinare lo spettatore.<\/strong><\/p>\n<p>Il nostro scopo \u00e8 quello di avvicinare i ragazzi al cinema con percorsi guidati che facciano riflettere proprio su quei valori di cui si denuncia la perdita costante.<\/p>\n<p>La volont\u00e0 di appoggiare quest\u2019iniziativa di diffusione didattica nel settore del Cinema e dello Spettacolo dal Vivo, attraverso l\u2019azione dell\u2019AGIScuola esprime proprio questa consapevolezza, e la voglia di sollecitare le nuove generazioni su temi densi di contenuti umani, come pure di fornire uno strumento giovane per esprimere antichi valori sempre validi nella vita quotidiana.[\/vc_column_text][vc_hoverbox image=&#8221;8429&#8243; primary_title=&#8221;Cosa offriamo?&#8221; primary_title_font_container=&#8221;color:%23c16060&#8243; hover_title=&#8221;&#8221; hover_background_color=&#8221;custom&#8221; css_animation=&#8221;none&#8221; use_custom_fonts_primary_title=&#8221;true&#8221; hover_custom_background=&#8221;#c15d5d&#8221; css=&#8221;.vc_custom_1768424576914{background-position: center !important;background-repeat: no-repeat !important;background-size: cover !important;}&#8221;]<\/p>\n<h5>Proiezioni personalizzate con <em><strong>titoli scelti in accordo con i docenti<\/strong><\/em><\/h5>\n<hr \/>\n<h5><em><strong>Schede didattiche<\/strong><\/em> dei film scelti<\/h5>\n<hr \/>\n<h5><em><strong>Flessibilit\u00e0<\/strong> <\/em>di date e orari<\/h5>\n<p>[\/vc_hoverbox][\/vc_column][\/vc_row][vc_row full_width=&#8221;stretch_row&#8221; css=&#8221;.vc_custom_1699194923712{background-color: #1e1e1e !important;}&#8221;][vc_column][vc_custom_heading heading_style=&#8221;heading_style_2&#8243; text=&#8221;\/ Alcune delle nostre proposte:&#8221; font_container=&#8221;tag:h2|text_align:left|color:%23ffcc00&#8243; google_fonts=&#8221;font_family:Playfair%20Display%3Aregular%2Citalic%2C700%2C700italic%2C900%2C900italic|font_style:400%20regular%3A400%3Anormal&#8221;][vc_tta_pageable no_fill_content_area=&#8221;true&#8221; autoplay=&#8221;60&#8243; active_section=&#8221;1&#8243; pagination_style=&#8221;flat-rounded&#8221; css_animation=&#8221;fadeInUp&#8221;][vc_tta_section title=&#8221;Sezione 1&#8243; tab_id=&#8221;1763830867764-510af349-ceea&#8221;][vc_row_inner][vc_column_inner width=&#8221;1\/4&#8243;][vc_single_image image=&#8221;8366&#8243; img_size=&#8221;medium&#8221;][\/vc_column_inner][vc_column_inner width=&#8221;3\/4&#8243;][vc_column_text]Un litigio per un semplice equivoco si trasforma in un pestaggio di una violenza inaudita ai danni di Willy Monteiro Duarte, un ragazzo di ventuno anni che, in 40 secondi, viene ucciso. Ispirato a una storia vera, il film ripercorre le ventiquattro ore che precedono il tragico evento, in cui si intrecciano incontri casuali, rivalit\u00e0 e tensioni latenti: un viaggio attraverso la banalit\u00e0 del male che indaga la natura umana e i suoi condizionamenti.<\/p>\n<p><strong>ET\u00c0 CONSIGLIATA: 14+<\/strong>[\/vc_column_text][\/vc_column_inner][\/vc_row_inner][\/vc_tta_section][vc_tta_section title=&#8221;Sezione 2&#8243; tab_id=&#8221;1763830867764-00662625-1d2e&#8221;][vc_row_inner equal_height=&#8221;yes&#8221;][vc_column_inner width=&#8221;1\/4&#8243;][vc_single_image image=&#8221;8435&#8243; img_size=&#8221;medium&#8221;][\/vc_column_inner][vc_column_inner width=&#8221;3\/4&#8243;][vc_column_text]Irene sta per comprare un appartamento a Roma, ma viene richiamata nella sua citt\u00e0 natale per occuparsi del fratello maggiore Omar, autistico ma con sogni ambiziosi. Per realizzarli la sorella prova a fargli un &#8220;corso intensivo per diventare adulti&#8221; che include la scelta di salire o meno sul palco di un talent show e coronare cos\u00ec il desiderio di una vita. Nel frattempo, grazie a Omar, sar\u00e0 la stessa Irene a capire molto di se stessa e di cosa voglia veramente dalla vita.<\/p>\n<p><strong>ET\u00c0 CONSIGLIATA: 12+<\/strong>[\/vc_column_text][\/vc_column_inner][\/vc_row_inner][\/vc_tta_section][vc_tta_section title=&#8221;Sezione&#8221; tab_id=&#8221;1763924603927-02db6e7a-7885&#8243;][vc_row_inner][vc_column_inner width=&#8221;1\/4&#8243;][vc_single_image image=&#8221;8448&#8243; img_size=&#8221;medium&#8221;][\/vc_column_inner][vc_column_inner width=&#8221;3\/4&#8243;][vc_column_text]Il Robot Selvaggio \u00e8 la storia di un robot di nome Roz, che dopo un naufragio, si ritrova su un&#8217;isola remota e selvaggia, dove deve lottare per la sua sopravvivenza. Roz riesce ad adattarsi al nuovo ambiente e impara molto dalla fauna selvatica dell&#8217;isola, instaurando un&#8217;amicizia con gli animali del posto, legando in particolare con un cucciolo d&#8217;oca rimasto orfano. Ben presto quella che era un&#8217;inospitale isola diventa la sua casa.<\/p>\n<p><strong>ET\u00c0 CONSIGLIATA: 6+<\/strong><\/p>\n<p>&nbsp;[\/vc_column_text][\/vc_column_inner][\/vc_row_inner][\/vc_tta_section][\/vc_tta_pageable][vc_toggle title=&#8221;Chi posso contattare per prenotare una matin\u00e9e?&#8221; color=&#8221;juicy_pink&#8221;]La nostra referente Imma Borrelli sar\u00e0 a vostra disposizione per qualsiasi dubbio e per eventuali prenotazioni. Potete contattarci all&#8217;indirizzo mail <em><span style=\"color: #ffffff;\"><a style=\"color: #ffffff;\" href=\"mailto:immaborrelli@stabiahall.it\">immaborrelli@stabiahall.it<\/a> <\/span><\/em>o agli<em><span style=\"color: #ffffff;\"> <a style=\"color: #ffffff;\" href=\"https:\/\/stabiahall.it\/index.php\/contatti\/\">indirizzi<\/a> <\/span><\/em>del cinema.[\/vc_toggle][vc_toggle title=&#8221;C&#8217;\u00e8 una lista di titoli che posso proporre alla mia scuola?&#8221; color=&#8221;juicy_pink&#8221;]S\u00ec! Premesso che siamo aperti a ogni tipo di proposta da poter valutare insieme, che siano titoli della stagione in corso o di quelle precedenti, su argomenti adatti alle esigenze della scuola o per occasioni particolari (La giornata della Memoria, La giornata internazionale della Donna, ecc..), questi sono alcuni dei nostri consigli cinematografici per voi \ud83c\udf9e\ufe0f<\/p>\n<p><a href=\"https:\/\/stabiahall.it\/wp-content\/uploads\/2026\/01\/PROPOSTE-PER-LA-GIORNATA-DELLA-MEMORIA.pdf\">PROPOSTE PER LA GIORNATA DELLA MEMORIA \u2b07\ufe0f<\/a><\/p>\n<p><a href=\"https:\/\/stabiahall.it\/wp-content\/uploads\/2025\/12\/PROPOSTE-PER-LE-SCUOLE-SUPERIORI.pdf\">PROPOSTE PER LE SCUOLE SUPERIORI\u00a0 \u2b07\ufe0f<\/a><\/p>\n<p><a href=\"https:\/\/stabiahall.it\/wp-content\/uploads\/2025\/12\/PROPOSTE-PER-LE-SCUOLE-MEDIE.pdf\">PROPOSTE PER LE SCUOLE MEDIE\u00a0 \u2b07\ufe0f<\/a><\/p>\n<p><a href=\"https:\/\/stabiahall.it\/wp-content\/uploads\/2025\/12\/PROPOSTE-PER-LE-SCUOLE-ELEMENTARI.pdf\">PROPOSTE PER LE SCUOLE ELEMENTARI\u00a0 \u2b07\ufe0f<\/a><\/p>\n<p><a href=\"https:\/\/stabiahall.it\/wp-content\/uploads\/2025\/12\/PROPOSTE-PER-LE-SCUOLE-DELLINFANZIA.pdf\">PROPOSTE PER LE SCUOLE DELL&#8217;INFANZIA\u00a0 \u2b07\ufe0f<\/a>[\/vc_toggle][vc_toggle title=&#8221;Qual \u00e8 il prezzo per una proiezione?&#8221; color=&#8221;juicy_pink&#8221;]Il prezzo standard \u00e8 di 5\u20ac a studente, ma ci riserviamo la possibilit\u00e0 di modificare la tariffa a seconda dell&#8217;evento. Il biglietto \u00e8 sempre omaggio per i docenti e per gli studenti con disabilit\u00e0.<\/p>\n<p>Offriamo inoltre l&#8217;opzione di un piccolo abbonamento al prezzo di 12\u20ac per la visione di 3 film o la possibilit\u00e0 di personalizzarlo in base alle vostre esigenze.[\/vc_toggle][vc_toggle title=&#8221;C&#8217;\u00e8 un numero minimo e massimo di studenti che possono partecipare?&#8221; color=&#8221;juicy_pink&#8221;]S\u00ec, il minimo di studenti richiesto per ogni proiezione \u00e8 di 150 e il massimo \u00e8 di 500, da ripartire nelle nostre tre sale. Se le circostanze lo permettono, possono essere immaginati anche pi\u00f9 turni in una sola mattinata se il numero di partecipanti dovesse essere maggiore di questo.<\/p>\n<p>In ogni caso, per qualsiasi esigenza particolare vi invitiamo a contattarci per trovare una soluzione pi\u00f9 adatta a voi.<\/p>\n<p>&nbsp;[\/vc_toggle][\/vc_column][\/vc_row][vc_row full_width=&#8221;stretch_row&#8221; css=&#8221;.vc_custom_1697535040837{padding-bottom: 20px !important;background-color: #a31320 !important;}&#8221;][vc_column][vc_custom_heading heading_style=&#8221;heading_style_2&#8243; text=&#8221;Per info e preventivi&#8221; font_container=&#8221;tag:h2|text_align:center|color:%23ffffff&#8221; google_fonts=&#8221;font_family:Playfair%20Display%3Aregular%2Citalic%2C700%2C700italic%2C900%2C900italic|font_style:400%20regular%3A400%3Anormal&#8221;][vc_column_text]<\/p>\n<h5 style=\"text-align: center;\"><span style=\"color: #ffffff;\">081 870 35 91<\/span><\/h5>\n<h5 style=\"text-align: center;\"><em><span style=\"color: #ffffff;\">cinema@stabiahall.it<\/span><\/em><\/h5>\n<p>[\/vc_column_text][\/vc_column][\/vc_row]<\/p>\n<\/div>","protected":false},"excerpt":{"rendered":"<p>[vc_row full_width=&#8221;stretch_row&#8221; css=&#8221;.vc_custom_1702110183790{margin-top: -175px !important;background-color: #1e1e1e !important;}&#8221;][vc_column][vc_column_text]L\u2019 iniziativa\u00a0\u201cAlunni al cinema\u201d\u00a0vuole entrare a far parte di quello che \u00e8 l\u2019attento panorama scolastico al fine di costituire un ulteriore e valida alternativa agli strumenti educativi e di formazione:\u00a0la forza delle immagini \u00e8 in grado di fornire messaggi e di affascinare lo spettatore. Il nostro scopo \u00e8 quello [&hellip;]<\/p>\n","protected":false},"author":1,"featured_media":0,"parent":0,"menu_order":0,"comment_status":"closed","ping_status":"closed","template":"","meta":{"footnotes":""},"class_list":["post-2520","page","type-page","status-publish","hentry","clearfix"],"yoast_head":"<!-- This site is optimized with the Yoast SEO plugin v22.7 - https:\/\/yoast.com\/wordpress\/plugins\/seo\/ -->\n<title>Progetto Cinema-Scuola - Stabia Hall<\/title>\n<meta name=\"robots\" content=\"index, follow, max-snippet:-1, max-image-preview:large, max-video-preview:-1\" \/>\n<link rel=\"canonical\" href=\"https:\/\/stabiahall.it\/index.php\/progetto-cinema-scuola\/\" \/>\n<meta property=\"og:locale\" content=\"it_IT\" \/>\n<meta property=\"og:type\" content=\"article\" \/>\n<meta property=\"og:title\" content=\"Progetto Cinema-Scuola - Stabia Hall\" \/>\n<meta property=\"og:description\" content=\"[vc_row full_width=&#8221;stretch_row&#8221; css=&#8221;.vc_custom_1702110183790{margin-top: -175px !important;background-color: #1e1e1e !important;}&#8221;][vc_column][vc_column_text]L\u2019 iniziativa\u00a0\u201cAlunni al cinema\u201d\u00a0vuole entrare a far parte di quello che \u00e8 l\u2019attento panorama scolastico al fine di costituire un ulteriore e valida alternativa agli strumenti educativi e di formazione:\u00a0la forza delle immagini \u00e8 in grado di fornire messaggi e di affascinare lo spettatore. Il nostro scopo \u00e8 quello [&hellip;]\" \/>\n<meta property=\"og:url\" content=\"https:\/\/stabiahall.it\/index.php\/progetto-cinema-scuola\/\" \/>\n<meta property=\"og:site_name\" content=\"Stabia Hall\" \/>\n<meta property=\"article:modified_time\" content=\"2026-01-14T21:07:31+00:00\" \/>\n<meta name=\"twitter:card\" content=\"summary_large_image\" \/>\n<meta name=\"twitter:label1\" content=\"Tempo di lettura stimato\" \/>\n\t<meta name=\"twitter:data1\" content=\"5 minuti\" \/>\n<script type=\"application\/ld+json\" class=\"yoast-schema-graph\">{\"@context\":\"https:\/\/schema.org\",\"@graph\":[{\"@type\":\"WebPage\",\"@id\":\"https:\/\/stabiahall.it\/index.php\/progetto-cinema-scuola\/\",\"url\":\"https:\/\/stabiahall.it\/index.php\/progetto-cinema-scuola\/\",\"name\":\"Progetto Cinema-Scuola - Stabia Hall\",\"isPartOf\":{\"@id\":\"https:\/\/stabiahall.it\/#website\"},\"datePublished\":\"2023-10-13T09:03:12+00:00\",\"dateModified\":\"2026-01-14T21:07:31+00:00\",\"breadcrumb\":{\"@id\":\"https:\/\/stabiahall.it\/index.php\/progetto-cinema-scuola\/#breadcrumb\"},\"inLanguage\":\"it-IT\",\"potentialAction\":[{\"@type\":\"ReadAction\",\"target\":[\"https:\/\/stabiahall.it\/index.php\/progetto-cinema-scuola\/\"]}]},{\"@type\":\"BreadcrumbList\",\"@id\":\"https:\/\/stabiahall.it\/index.php\/progetto-cinema-scuola\/#breadcrumb\",\"itemListElement\":[{\"@type\":\"ListItem\",\"position\":1,\"name\":\"Home\",\"item\":\"https:\/\/stabiahall.it\/\"},{\"@type\":\"ListItem\",\"position\":2,\"name\":\"Progetto Cinema-Scuola\"}]},{\"@type\":\"WebSite\",\"@id\":\"https:\/\/stabiahall.it\/#website\",\"url\":\"https:\/\/stabiahall.it\/\",\"name\":\"Stabia Hall\",\"description\":\"\",\"potentialAction\":[{\"@type\":\"SearchAction\",\"target\":{\"@type\":\"EntryPoint\",\"urlTemplate\":\"https:\/\/stabiahall.it\/?s={search_term_string}\"},\"query-input\":\"required name=search_term_string\"}],\"inLanguage\":\"it-IT\"}]}<\/script>\n<!-- \/ Yoast SEO plugin. -->","yoast_head_json":{"title":"Progetto Cinema-Scuola - Stabia Hall","robots":{"index":"index","follow":"follow","max-snippet":"max-snippet:-1","max-image-preview":"max-image-preview:large","max-video-preview":"max-video-preview:-1"},"canonical":"https:\/\/stabiahall.it\/index.php\/progetto-cinema-scuola\/","og_locale":"it_IT","og_type":"article","og_title":"Progetto Cinema-Scuola - Stabia Hall","og_description":"[vc_row full_width=&#8221;stretch_row&#8221; css=&#8221;.vc_custom_1702110183790{margin-top: -175px !important;background-color: #1e1e1e !important;}&#8221;][vc_column][vc_column_text]L\u2019 iniziativa\u00a0\u201cAlunni al cinema\u201d\u00a0vuole entrare a far parte di quello che \u00e8 l\u2019attento panorama scolastico al fine di costituire un ulteriore e valida alternativa agli strumenti educativi e di formazione:\u00a0la forza delle immagini \u00e8 in grado di fornire messaggi e di affascinare lo spettatore. Il nostro scopo \u00e8 quello [&hellip;]","og_url":"https:\/\/stabiahall.it\/index.php\/progetto-cinema-scuola\/","og_site_name":"Stabia Hall","article_modified_time":"2026-01-14T21:07:31+00:00","twitter_card":"summary_large_image","twitter_misc":{"Tempo di lettura stimato":"5 minuti"},"schema":{"@context":"https:\/\/schema.org","@graph":[{"@type":"WebPage","@id":"https:\/\/stabiahall.it\/index.php\/progetto-cinema-scuola\/","url":"https:\/\/stabiahall.it\/index.php\/progetto-cinema-scuola\/","name":"Progetto Cinema-Scuola - Stabia Hall","isPartOf":{"@id":"https:\/\/stabiahall.it\/#website"},"datePublished":"2023-10-13T09:03:12+00:00","dateModified":"2026-01-14T21:07:31+00:00","breadcrumb":{"@id":"https:\/\/stabiahall.it\/index.php\/progetto-cinema-scuola\/#breadcrumb"},"inLanguage":"it-IT","potentialAction":[{"@type":"ReadAction","target":["https:\/\/stabiahall.it\/index.php\/progetto-cinema-scuola\/"]}]},{"@type":"BreadcrumbList","@id":"https:\/\/stabiahall.it\/index.php\/progetto-cinema-scuola\/#breadcrumb","itemListElement":[{"@type":"ListItem","position":1,"name":"Home","item":"https:\/\/stabiahall.it\/"},{"@type":"ListItem","position":2,"name":"Progetto Cinema-Scuola"}]},{"@type":"WebSite","@id":"https:\/\/stabiahall.it\/#website","url":"https:\/\/stabiahall.it\/","name":"Stabia Hall","description":"","potentialAction":[{"@type":"SearchAction","target":{"@type":"EntryPoint","urlTemplate":"https:\/\/stabiahall.it\/?s={search_term_string}"},"query-input":"required name=search_term_string"}],"inLanguage":"it-IT"}]}},"_links":{"self":[{"href":"https:\/\/stabiahall.it\/index.php\/wp-json\/wp\/v2\/pages\/2520","targetHints":{"allow":["GET"]}}],"collection":[{"href":"https:\/\/stabiahall.it\/index.php\/wp-json\/wp\/v2\/pages"}],"about":[{"href":"https:\/\/stabiahall.it\/index.php\/wp-json\/wp\/v2\/types\/page"}],"author":[{"embeddable":true,"href":"https:\/\/stabiahall.it\/index.php\/wp-json\/wp\/v2\/users\/1"}],"replies":[{"embeddable":true,"href":"https:\/\/stabiahall.it\/index.php\/wp-json\/wp\/v2\/comments?post=2520"}],"version-history":[{"count":7,"href":"https:\/\/stabiahall.it\/index.php\/wp-json\/wp\/v2\/pages\/2520\/revisions"}],"predecessor-version":[{"id":8773,"href":"https:\/\/stabiahall.it\/index.php\/wp-json\/wp\/v2\/pages\/2520\/revisions\/8773"}],"wp:attachment":[{"href":"https:\/\/stabiahall.it\/index.php\/wp-json\/wp\/v2\/media?parent=2520"}],"curies":[{"name":"wp","href":"https:\/\/api.w.org\/{rel}","templated":true}]}}