{"id":2885,"date":"2023-10-16T08:34:56","date_gmt":"2023-10-16T08:34:56","guid":{"rendered":"https:\/\/demo.stabiahall.it\/?page_id=2885"},"modified":"2024-05-30T18:50:12","modified_gmt":"2024-05-30T18:50:12","slug":"il-tuo-compleanno-con-noi","status":"publish","type":"page","link":"https:\/\/stabiahall.it\/index.php\/fitti-sala\/il-tuo-compleanno-con-noi\/","title":{"rendered":"Il tuo compleanno con noi"},"content":{"rendered":"<div class=\"wpb-content-wrapper\"><p>[vc_row full_width=&#8221;stretch_row&#8221; css=&#8221;.vc_custom_1697534500887{margin-top: -130px !important;background-color: #1e1e1e !important;}&#8221;][vc_column width=&#8221;1\/3&#8243;][vc_single_image image=&#8221;3349&#8243; img_size=&#8221;large&#8221; css=&#8221;.vc_custom_1701699405290{margin-top: 25px !important;margin-left: 0px !important;}&#8221;][\/vc_column][vc_column width=&#8221;2\/3&#8243;][vc_custom_heading heading_style=&#8221;heading_style_2&#8243; text=&#8221;La festa di compleanno pi\u00f9 originale ed entusiasmante \u00e8 solo allo Stabia Hall.&#8221; font_container=&#8221;tag:h2|text_align:left|color:%23ffffff&#8221; google_fonts=&#8221;font_family:Playfair%20Display%3Aregular%2Citalic%2C700%2C700italic%2C900%2C900italic|font_style:400%20regular%3A400%3Anormal&#8221;][vc_column_text]<\/p>\n<h5>La festa di compleanno pi\u00f9 originale ed entusiasmante\u00a0\u00e8 solo allo Stabia Hall.<\/h5>\n<p>Per tutti i bambini che vogliono festeggiare il compleanno al cinema il divertimento \u00e8 assicurato!!<\/p>\n<p>Scegliendo la formula\u00a0Happy Birthday @ Cinema\u00a0\u00e8 possibile godersi la visione di un film e un gustoso men\u00f9 ad un prezzo davvero economico.<\/p>\n<p>L\u2019offerta Happy Birthday @ Cinema \u00e8 valida per ogni periodo dell\u2019anno* per feste dei pi\u00f9 piccoli di ogni et\u00e0, inoltre al termine della proiezione cinematografica verr\u00e0 allestita nel foyer del cinema un\u2019area dedicata al taglio della torta.<\/p>\n<p><strong>Il prezzo dell\u2019offerta \u00e8 di 15\u20ac a bambino e include: ingresso al cinema + pop corn &amp; bibita + torta<\/strong><br \/>\n(per i film 3D ci sar\u00e0 una maggiorazione di 2\u20ac per l\u2019acquisto degli occhialini)<\/p>\n<p>&nbsp;<\/p>\n<p>L\u2019offerta Happy Birthday @ Cinema \u00e8 soggetta a prenotazione, con la quale si definiranno i dettagli per rendere unica la vostra festa di compleanno!!<br \/>\n(\u00c8 richiesto un minimo di 20 partecipanti alla festa, in caso di mancato raggiungimento del numero richiesto il costo minimo dell\u2019evento sar\u00e0 299\u20ac)<\/p>\n<p>&nbsp;<\/p>\n<p>* Salvo limitazioni imposte dalle case di distribuzione cinematografica<br \/>\n**Gli eventuali ingressi per adulti partecipanti alla festa verranno acquistati a prezzo ridotto.<\/p>\n<p>Per info 081 8703591 \u2013\u00a0<a href=\"mail:cinema@stabiahall.it\">cinema@stabiahall.it<\/a>[\/vc_column_text][\/vc_column][\/vc_row][vc_row css=&#8221;.vc_custom_1697535028521{padding-bottom: 20px !important;background-color: #a31320 !important;}&#8221;][vc_column][vc_custom_heading heading_style=&#8221;heading_style_2&#8243; text=&#8221;Per info e preventivi&#8221; font_container=&#8221;tag:h2|text_align:center|color:%23ffffff&#8221; google_fonts=&#8221;font_family:Playfair%20Display%3Aregular%2Citalic%2C700%2C700italic%2C900%2C900italic|font_style:400%20regular%3A400%3Anormal&#8221;][vc_column_text]<\/p>\n<h5 style=\"text-align: center;\"><span style=\"color: #ffffff;\">081 870 35 91<\/span><\/h5>\n<h5 style=\"text-align: center;\"><em><span style=\"color: #ffffff;\">cinema@stabiahall.it<\/span><\/em><\/h5>\n<p>[\/vc_column_text][\/vc_column][\/vc_row]<\/p>\n<\/div>","protected":false},"excerpt":{"rendered":"<p>[vc_row full_width=&#8221;stretch_row&#8221; css=&#8221;.vc_custom_1697534500887{margin-top: -130px !important;background-color: #1e1e1e !important;}&#8221;][vc_column width=&#8221;1\/3&#8243;][vc_single_image image=&#8221;3349&#8243; img_size=&#8221;large&#8221; css=&#8221;.vc_custom_1701699405290{margin-top: 25px !important;margin-left: 0px !important;}&#8221;][\/vc_column][vc_column width=&#8221;2\/3&#8243;][vc_custom_heading heading_style=&#8221;heading_style_2&#8243; text=&#8221;La festa di compleanno pi\u00f9 originale ed entusiasmante \u00e8 solo allo Stabia Hall.&#8221; font_container=&#8221;tag:h2|text_align:left|color:%23ffffff&#8221; google_fonts=&#8221;font_family:Playfair%20Display%3Aregular%2Citalic%2C700%2C700italic%2C900%2C900italic|font_style:400%20regular%3A400%3Anormal&#8221;][vc_column_text] La festa di compleanno pi\u00f9 originale ed entusiasmante\u00a0\u00e8 solo allo Stabia Hall. Per tutti i bambini che vogliono festeggiare il compleanno al cinema [&hellip;]<\/p>\n","protected":false},"author":1,"featured_media":0,"parent":2524,"menu_order":0,"comment_status":"closed","ping_status":"closed","template":"","meta":{"footnotes":""},"class_list":["post-2885","page","type-page","status-publish","hentry","clearfix"],"yoast_head":"<!-- This site is optimized with the Yoast SEO plugin v22.7 - https:\/\/yoast.com\/wordpress\/plugins\/seo\/ -->\n<title>Il tuo compleanno con noi - Stabia Hall<\/title>\n<meta name=\"description\" content=\"Festeggia il tuo compleanno con noi! La festa di compleanno pi\u00f9 originale ed entusiasmante\u00a0\u00e8 solo allo Stabiahall!\" \/>\n<meta name=\"robots\" content=\"index, follow, max-snippet:-1, max-image-preview:large, max-video-preview:-1\" \/>\n<link rel=\"canonical\" href=\"https:\/\/stabiahall.it\/index.php\/fitti-sala\/il-tuo-compleanno-con-noi\/\" \/>\n<meta property=\"og:locale\" content=\"it_IT\" \/>\n<meta property=\"og:type\" content=\"article\" \/>\n<meta property=\"og:title\" content=\"Il tuo compleanno con noi - Stabia Hall\" \/>\n<meta property=\"og:description\" content=\"Festeggia il tuo compleanno con noi! La festa di compleanno pi\u00f9 originale ed entusiasmante\u00a0\u00e8 solo allo Stabiahall!\" \/>\n<meta property=\"og:url\" content=\"https:\/\/stabiahall.it\/index.php\/fitti-sala\/il-tuo-compleanno-con-noi\/\" \/>\n<meta property=\"og:site_name\" content=\"Stabia Hall\" \/>\n<meta property=\"article:modified_time\" content=\"2024-05-30T18:50:12+00:00\" \/>\n<meta name=\"twitter:card\" content=\"summary_large_image\" \/>\n<meta name=\"twitter:label1\" content=\"Tempo di lettura stimato\" \/>\n\t<meta name=\"twitter:data1\" content=\"2 minuti\" \/>\n<script type=\"application\/ld+json\" class=\"yoast-schema-graph\">{\"@context\":\"https:\/\/schema.org\",\"@graph\":[{\"@type\":\"WebPage\",\"@id\":\"https:\/\/stabiahall.it\/index.php\/fitti-sala\/il-tuo-compleanno-con-noi\/\",\"url\":\"https:\/\/stabiahall.it\/index.php\/fitti-sala\/il-tuo-compleanno-con-noi\/\",\"name\":\"Il tuo compleanno con noi - Stabia Hall\",\"isPartOf\":{\"@id\":\"https:\/\/stabiahall.it\/#website\"},\"datePublished\":\"2023-10-16T08:34:56+00:00\",\"dateModified\":\"2024-05-30T18:50:12+00:00\",\"description\":\"Festeggia il tuo compleanno con noi! La festa di compleanno pi\u00f9 originale ed entusiasmante\u00a0\u00e8 solo allo Stabiahall!\",\"breadcrumb\":{\"@id\":\"https:\/\/stabiahall.it\/index.php\/fitti-sala\/il-tuo-compleanno-con-noi\/#breadcrumb\"},\"inLanguage\":\"it-IT\",\"potentialAction\":[{\"@type\":\"ReadAction\",\"target\":[\"https:\/\/stabiahall.it\/index.php\/fitti-sala\/il-tuo-compleanno-con-noi\/\"]}]},{\"@type\":\"BreadcrumbList\",\"@id\":\"https:\/\/stabiahall.it\/index.php\/fitti-sala\/il-tuo-compleanno-con-noi\/#breadcrumb\",\"itemListElement\":[{\"@type\":\"ListItem\",\"position\":1,\"name\":\"Home\",\"item\":\"https:\/\/stabiahall.it\/\"},{\"@type\":\"ListItem\",\"position\":2,\"name\":\"Fitti Sala\",\"item\":\"https:\/\/stabiahall.it\/index.php\/fitti-sala\/\"},{\"@type\":\"ListItem\",\"position\":3,\"name\":\"Il tuo compleanno con noi\"}]},{\"@type\":\"WebSite\",\"@id\":\"https:\/\/stabiahall.it\/#website\",\"url\":\"https:\/\/stabiahall.it\/\",\"name\":\"Stabia Hall\",\"description\":\"\",\"potentialAction\":[{\"@type\":\"SearchAction\",\"target\":{\"@type\":\"EntryPoint\",\"urlTemplate\":\"https:\/\/stabiahall.it\/?s={search_term_string}\"},\"query-input\":\"required name=search_term_string\"}],\"inLanguage\":\"it-IT\"}]}<\/script>\n<!-- \/ Yoast SEO plugin. -->","yoast_head_json":{"title":"Il tuo compleanno con noi - Stabia Hall","description":"Festeggia il tuo compleanno con noi! La festa di compleanno pi\u00f9 originale ed entusiasmante\u00a0\u00e8 solo allo Stabiahall!","robots":{"index":"index","follow":"follow","max-snippet":"max-snippet:-1","max-image-preview":"max-image-preview:large","max-video-preview":"max-video-preview:-1"},"canonical":"https:\/\/stabiahall.it\/index.php\/fitti-sala\/il-tuo-compleanno-con-noi\/","og_locale":"it_IT","og_type":"article","og_title":"Il tuo compleanno con noi - Stabia Hall","og_description":"Festeggia il tuo compleanno con noi! La festa di compleanno pi\u00f9 originale ed entusiasmante\u00a0\u00e8 solo allo Stabiahall!","og_url":"https:\/\/stabiahall.it\/index.php\/fitti-sala\/il-tuo-compleanno-con-noi\/","og_site_name":"Stabia Hall","article_modified_time":"2024-05-30T18:50:12+00:00","twitter_card":"summary_large_image","twitter_misc":{"Tempo di lettura stimato":"2 minuti"},"schema":{"@context":"https:\/\/schema.org","@graph":[{"@type":"WebPage","@id":"https:\/\/stabiahall.it\/index.php\/fitti-sala\/il-tuo-compleanno-con-noi\/","url":"https:\/\/stabiahall.it\/index.php\/fitti-sala\/il-tuo-compleanno-con-noi\/","name":"Il tuo compleanno con noi - Stabia Hall","isPartOf":{"@id":"https:\/\/stabiahall.it\/#website"},"datePublished":"2023-10-16T08:34:56+00:00","dateModified":"2024-05-30T18:50:12+00:00","description":"Festeggia il tuo compleanno con noi! La festa di compleanno pi\u00f9 originale ed entusiasmante\u00a0\u00e8 solo allo Stabiahall!","breadcrumb":{"@id":"https:\/\/stabiahall.it\/index.php\/fitti-sala\/il-tuo-compleanno-con-noi\/#breadcrumb"},"inLanguage":"it-IT","potentialAction":[{"@type":"ReadAction","target":["https:\/\/stabiahall.it\/index.php\/fitti-sala\/il-tuo-compleanno-con-noi\/"]}]},{"@type":"BreadcrumbList","@id":"https:\/\/stabiahall.it\/index.php\/fitti-sala\/il-tuo-compleanno-con-noi\/#breadcrumb","itemListElement":[{"@type":"ListItem","position":1,"name":"Home","item":"https:\/\/stabiahall.it\/"},{"@type":"ListItem","position":2,"name":"Fitti Sala","item":"https:\/\/stabiahall.it\/index.php\/fitti-sala\/"},{"@type":"ListItem","position":3,"name":"Il tuo compleanno con noi"}]},{"@type":"WebSite","@id":"https:\/\/stabiahall.it\/#website","url":"https:\/\/stabiahall.it\/","name":"Stabia Hall","description":"","potentialAction":[{"@type":"SearchAction","target":{"@type":"EntryPoint","urlTemplate":"https:\/\/stabiahall.it\/?s={search_term_string}"},"query-input":"required name=search_term_string"}],"inLanguage":"it-IT"}]}},"_links":{"self":[{"href":"https:\/\/stabiahall.it\/index.php\/wp-json\/wp\/v2\/pages\/2885","targetHints":{"allow":["GET"]}}],"collection":[{"href":"https:\/\/stabiahall.it\/index.php\/wp-json\/wp\/v2\/pages"}],"about":[{"href":"https:\/\/stabiahall.it\/index.php\/wp-json\/wp\/v2\/types\/page"}],"author":[{"embeddable":true,"href":"https:\/\/stabiahall.it\/index.php\/wp-json\/wp\/v2\/users\/1"}],"replies":[{"embeddable":true,"href":"https:\/\/stabiahall.it\/index.php\/wp-json\/wp\/v2\/comments?post=2885"}],"version-history":[{"count":11,"href":"https:\/\/stabiahall.it\/index.php\/wp-json\/wp\/v2\/pages\/2885\/revisions"}],"predecessor-version":[{"id":4898,"href":"https:\/\/stabiahall.it\/index.php\/wp-json\/wp\/v2\/pages\/2885\/revisions\/4898"}],"up":[{"embeddable":true,"href":"https:\/\/stabiahall.it\/index.php\/wp-json\/wp\/v2\/pages\/2524"}],"wp:attachment":[{"href":"https:\/\/stabiahall.it\/index.php\/wp-json\/wp\/v2\/media?parent=2885"}],"curies":[{"name":"wp","href":"https:\/\/api.w.org\/{rel}","templated":true}]}}