{"id":3290,"date":"2023-11-07T12:24:43","date_gmt":"2023-11-07T12:24:43","guid":{"rendered":"https:\/\/demo.stabiahall.it\/?page_id=3290"},"modified":"2024-03-07T20:05:15","modified_gmt":"2024-03-07T20:05:15","slug":"ce-ancora-domani","status":"publish","type":"page","link":"https:\/\/stabiahall.it\/index.php\/ce-ancora-domani\/","title":{"rendered":"C&#8217;\u00e8 ancora domani"},"content":{"rendered":"<div class=\"wpb-content-wrapper\"><p>[vc_row full_width=&#8221;stretch_row&#8221; css=&#8221;.vc_custom_1702110183790{margin-top: -175px !important;background-color: #1e1e1e !important;}&#8221;][vc_column width=&#8221;1\/4&#8243;][vc_single_image image=&#8221;3977&#8243; img_size=&#8221;full&#8221;][\/vc_column][vc_column width=&#8221;3\/4&#8243;][vc_row_inner][vc_column_inner][vc_column_text]<strong>Genere:\u00a0<\/strong>Commedia \u2013 Drammatico<strong><br \/>\nDurata:<\/strong>\u00a0118 minuti<br \/>\n<strong>Regia:<\/strong>\u00a0Paola Cortellesi<strong><br \/>\nCast:<\/strong>\u00a0Paola Cortellesi, Valerio Mastandrea, Vinicio Marchioni, Giorgio Colangeli, Emanuela Fanelli[\/vc_column_text][\/vc_column_inner][\/vc_row_inner][vc_btn title=&#8221;Guarda il Trailer&#8221; color=&#8221;danger&#8221; link=&#8221;url:https%3A%2F%2Fwww.youtube.com%2Fwatch%3Fv%3DdD8ru7mFXuo&#8221;][vc_btn title=&#8221;Acquista Ora&#8221; color=&#8221;danger&#8221; link=&#8221;url:https%3A%2F%2Fstabiahall.it%2Findex.php%2Facquisti-online%2F|title:Acquisti%20online|target:_blank&#8221;][\/vc_column][\/vc_row][vc_row full_width=&#8221;stretch_row&#8221; css=&#8221;.vc_custom_1699194923712{background-color: #1e1e1e !important;}&#8221;][vc_column][vc_custom_heading heading_style=&#8221;heading_style_5&#8243; text=&#8221;Trama&#8221; google_fonts=&#8221;font_family:Playfair%20Display%3Aregular%2Citalic%2C700%2C700italic%2C900%2C900italic|font_style:400%20regular%3A400%3Anormal&#8221;][vc_separator][vc_column_text]Delia (Paola Cortellesi) \u00e8 la moglie di Ivano, la madre di tre figli. Moglie, madre. Questi sono i ruoli che la definiscono e questo le basta. Siamo nella seconda met\u00e0 degli anni \u201940 e questa famiglia qualunque vive in una Roma divisa tra la spinta positiva della liberazione e le miserie della guerra da poco alle spalle. \u00c8 primavera e tutta la famiglia \u00e8 in fermento per l\u2019imminente fidanzamento dell\u2019amata primogenita Marcella (Romana Maggiora Vergano), che, dal canto suo, spera solo di sposarsi in fretta con un bravo ragazzo di ceto borghese, Giulio (Francesco Centorame), e liberarsi finalmente di quella famiglia imbarazzante. Anche Delia non chiede altro, accetta la vita che le \u00e8 toccata e un buon matrimonio per la figlia \u00e8 tutto ci\u00f2 a cui aspiri. L\u2019arrivo di una lettera misteriosa per\u00f2, le accender\u00e0 il coraggio per rovesciare i piani prestabiliti e immaginare un futuro migliore, non solo per lei.[\/vc_column_text][\/vc_column][\/vc_row][vc_row full_width=&#8221;stretch_row_content&#8221; css=&#8221;.vc_custom_1699196736216{margin-top: 0px !important;margin-bottom: -10px !important;background-color: #a31320 !important;}&#8221;][vc_column][\/vc_column][\/vc_row]<\/p>\n<\/div>","protected":false},"excerpt":{"rendered":"<p>[vc_row full_width=&#8221;stretch_row&#8221; css=&#8221;.vc_custom_1702110183790{margin-top: -175px !important;background-color: #1e1e1e !important;}&#8221;][vc_column width=&#8221;1\/4&#8243;][vc_single_image image=&#8221;3977&#8243; img_size=&#8221;full&#8221;][\/vc_column][vc_column width=&#8221;3\/4&#8243;][vc_row_inner][vc_column_inner][vc_column_text]Genere:\u00a0Commedia \u2013 Drammatico Durata:\u00a0118 minuti Regia:\u00a0Paola Cortellesi Cast:\u00a0Paola Cortellesi, Valerio Mastandrea, Vinicio Marchioni, Giorgio Colangeli, Emanuela Fanelli[\/vc_column_text][\/vc_column_inner][\/vc_row_inner][vc_btn title=&#8221;Guarda il Trailer&#8221; color=&#8221;danger&#8221; link=&#8221;url:https%3A%2F%2Fwww.youtube.com%2Fwatch%3Fv%3DdD8ru7mFXuo&#8221;][vc_btn title=&#8221;Acquista Ora&#8221; color=&#8221;danger&#8221; link=&#8221;url:https%3A%2F%2Fstabiahall.it%2Findex.php%2Facquisti-online%2F|title:Acquisti%20online|target:_blank&#8221;][\/vc_column][\/vc_row][vc_row full_width=&#8221;stretch_row&#8221; css=&#8221;.vc_custom_1699194923712{background-color: #1e1e1e !important;}&#8221;][vc_column][vc_custom_heading heading_style=&#8221;heading_style_5&#8243; text=&#8221;Trama&#8221; google_fonts=&#8221;font_family:Playfair%20Display%3Aregular%2Citalic%2C700%2C700italic%2C900%2C900italic|font_style:400%20regular%3A400%3Anormal&#8221;][vc_separator][vc_column_text]Delia (Paola Cortellesi) \u00e8 la moglie di Ivano, la madre di tre figli. [&hellip;]<\/p>\n","protected":false},"author":1,"featured_media":0,"parent":0,"menu_order":0,"comment_status":"closed","ping_status":"closed","template":"","meta":{"footnotes":""},"class_list":["post-3290","page","type-page","status-publish","hentry","clearfix"],"yoast_head":"<!-- This site is optimized with the Yoast SEO plugin v22.7 - https:\/\/yoast.com\/wordpress\/plugins\/seo\/ -->\n<title>C&#039;\u00e8 ancora domani - Stabia Hall<\/title>\n<meta name=\"robots\" content=\"noindex, follow\" \/>\n<meta property=\"og:locale\" content=\"it_IT\" \/>\n<meta property=\"og:type\" content=\"article\" \/>\n<meta property=\"og:title\" content=\"C&#039;\u00e8 ancora domani - Stabia Hall\" \/>\n<meta property=\"og:description\" content=\"[vc_row full_width=&#8221;stretch_row&#8221; css=&#8221;.vc_custom_1702110183790{margin-top: -175px !important;background-color: #1e1e1e !important;}&#8221;][vc_column width=&#8221;1\/4&#8243;][vc_single_image image=&#8221;3977&#8243; img_size=&#8221;full&#8221;][\/vc_column][vc_column width=&#8221;3\/4&#8243;][vc_row_inner][vc_column_inner][vc_column_text]Genere:\u00a0Commedia \u2013 Drammatico Durata:\u00a0118 minuti Regia:\u00a0Paola Cortellesi Cast:\u00a0Paola Cortellesi, Valerio Mastandrea, Vinicio Marchioni, Giorgio Colangeli, Emanuela Fanelli[\/vc_column_text][\/vc_column_inner][\/vc_row_inner][vc_btn title=&#8221;Guarda il Trailer&#8221; color=&#8221;danger&#8221; link=&#8221;url:https%3A%2F%2Fwww.youtube.com%2Fwatch%3Fv%3DdD8ru7mFXuo&#8221;][vc_btn title=&#8221;Acquista Ora&#8221; color=&#8221;danger&#8221; link=&#8221;url:https%3A%2F%2Fstabiahall.it%2Findex.php%2Facquisti-online%2F|title:Acquisti%20online|target:_blank&#8221;][\/vc_column][\/vc_row][vc_row full_width=&#8221;stretch_row&#8221; css=&#8221;.vc_custom_1699194923712{background-color: #1e1e1e !important;}&#8221;][vc_column][vc_custom_heading heading_style=&#8221;heading_style_5&#8243; text=&#8221;Trama&#8221; google_fonts=&#8221;font_family:Playfair%20Display%3Aregular%2Citalic%2C700%2C700italic%2C900%2C900italic|font_style:400%20regular%3A400%3Anormal&#8221;][vc_separator][vc_column_text]Delia (Paola Cortellesi) \u00e8 la moglie di Ivano, la madre di tre figli. [&hellip;]\" \/>\n<meta property=\"og:url\" content=\"https:\/\/stabiahall.it\/index.php\/ce-ancora-domani\/\" \/>\n<meta property=\"og:site_name\" content=\"Stabia Hall\" \/>\n<meta property=\"article:modified_time\" content=\"2024-03-07T20:05:15+00:00\" \/>\n<meta name=\"twitter:card\" content=\"summary_large_image\" \/>\n<meta name=\"twitter:label1\" content=\"Tempo di lettura stimato\" \/>\n\t<meta name=\"twitter:data1\" content=\"2 minuti\" \/>\n<script type=\"application\/ld+json\" class=\"yoast-schema-graph\">{\"@context\":\"https:\/\/schema.org\",\"@graph\":[{\"@type\":\"WebPage\",\"@id\":\"https:\/\/stabiahall.it\/index.php\/ce-ancora-domani\/\",\"url\":\"https:\/\/stabiahall.it\/index.php\/ce-ancora-domani\/\",\"name\":\"C'\u00e8 ancora domani - Stabia Hall\",\"isPartOf\":{\"@id\":\"https:\/\/stabiahall.it\/#website\"},\"datePublished\":\"2023-11-07T12:24:43+00:00\",\"dateModified\":\"2024-03-07T20:05:15+00:00\",\"breadcrumb\":{\"@id\":\"https:\/\/stabiahall.it\/index.php\/ce-ancora-domani\/#breadcrumb\"},\"inLanguage\":\"it-IT\",\"potentialAction\":[{\"@type\":\"ReadAction\",\"target\":[\"https:\/\/stabiahall.it\/index.php\/ce-ancora-domani\/\"]}]},{\"@type\":\"BreadcrumbList\",\"@id\":\"https:\/\/stabiahall.it\/index.php\/ce-ancora-domani\/#breadcrumb\",\"itemListElement\":[{\"@type\":\"ListItem\",\"position\":1,\"name\":\"Home\",\"item\":\"https:\/\/stabiahall.it\/\"},{\"@type\":\"ListItem\",\"position\":2,\"name\":\"C&#8217;\u00e8 ancora domani\"}]},{\"@type\":\"WebSite\",\"@id\":\"https:\/\/stabiahall.it\/#website\",\"url\":\"https:\/\/stabiahall.it\/\",\"name\":\"Stabia Hall\",\"description\":\"\",\"potentialAction\":[{\"@type\":\"SearchAction\",\"target\":{\"@type\":\"EntryPoint\",\"urlTemplate\":\"https:\/\/stabiahall.it\/?s={search_term_string}\"},\"query-input\":\"required name=search_term_string\"}],\"inLanguage\":\"it-IT\"}]}<\/script>\n<!-- \/ Yoast SEO plugin. -->","yoast_head_json":{"title":"C'\u00e8 ancora domani - Stabia Hall","robots":{"index":"noindex","follow":"follow"},"og_locale":"it_IT","og_type":"article","og_title":"C'\u00e8 ancora domani - Stabia Hall","og_description":"[vc_row full_width=&#8221;stretch_row&#8221; css=&#8221;.vc_custom_1702110183790{margin-top: -175px !important;background-color: #1e1e1e !important;}&#8221;][vc_column width=&#8221;1\/4&#8243;][vc_single_image image=&#8221;3977&#8243; img_size=&#8221;full&#8221;][\/vc_column][vc_column width=&#8221;3\/4&#8243;][vc_row_inner][vc_column_inner][vc_column_text]Genere:\u00a0Commedia \u2013 Drammatico Durata:\u00a0118 minuti Regia:\u00a0Paola Cortellesi Cast:\u00a0Paola Cortellesi, Valerio Mastandrea, Vinicio Marchioni, Giorgio Colangeli, Emanuela Fanelli[\/vc_column_text][\/vc_column_inner][\/vc_row_inner][vc_btn title=&#8221;Guarda il Trailer&#8221; color=&#8221;danger&#8221; link=&#8221;url:https%3A%2F%2Fwww.youtube.com%2Fwatch%3Fv%3DdD8ru7mFXuo&#8221;][vc_btn title=&#8221;Acquista Ora&#8221; color=&#8221;danger&#8221; link=&#8221;url:https%3A%2F%2Fstabiahall.it%2Findex.php%2Facquisti-online%2F|title:Acquisti%20online|target:_blank&#8221;][\/vc_column][\/vc_row][vc_row full_width=&#8221;stretch_row&#8221; css=&#8221;.vc_custom_1699194923712{background-color: #1e1e1e !important;}&#8221;][vc_column][vc_custom_heading heading_style=&#8221;heading_style_5&#8243; text=&#8221;Trama&#8221; google_fonts=&#8221;font_family:Playfair%20Display%3Aregular%2Citalic%2C700%2C700italic%2C900%2C900italic|font_style:400%20regular%3A400%3Anormal&#8221;][vc_separator][vc_column_text]Delia (Paola Cortellesi) \u00e8 la moglie di Ivano, la madre di tre figli. [&hellip;]","og_url":"https:\/\/stabiahall.it\/index.php\/ce-ancora-domani\/","og_site_name":"Stabia Hall","article_modified_time":"2024-03-07T20:05:15+00:00","twitter_card":"summary_large_image","twitter_misc":{"Tempo di lettura stimato":"2 minuti"},"schema":{"@context":"https:\/\/schema.org","@graph":[{"@type":"WebPage","@id":"https:\/\/stabiahall.it\/index.php\/ce-ancora-domani\/","url":"https:\/\/stabiahall.it\/index.php\/ce-ancora-domani\/","name":"C'\u00e8 ancora domani - Stabia Hall","isPartOf":{"@id":"https:\/\/stabiahall.it\/#website"},"datePublished":"2023-11-07T12:24:43+00:00","dateModified":"2024-03-07T20:05:15+00:00","breadcrumb":{"@id":"https:\/\/stabiahall.it\/index.php\/ce-ancora-domani\/#breadcrumb"},"inLanguage":"it-IT","potentialAction":[{"@type":"ReadAction","target":["https:\/\/stabiahall.it\/index.php\/ce-ancora-domani\/"]}]},{"@type":"BreadcrumbList","@id":"https:\/\/stabiahall.it\/index.php\/ce-ancora-domani\/#breadcrumb","itemListElement":[{"@type":"ListItem","position":1,"name":"Home","item":"https:\/\/stabiahall.it\/"},{"@type":"ListItem","position":2,"name":"C&#8217;\u00e8 ancora domani"}]},{"@type":"WebSite","@id":"https:\/\/stabiahall.it\/#website","url":"https:\/\/stabiahall.it\/","name":"Stabia Hall","description":"","potentialAction":[{"@type":"SearchAction","target":{"@type":"EntryPoint","urlTemplate":"https:\/\/stabiahall.it\/?s={search_term_string}"},"query-input":"required name=search_term_string"}],"inLanguage":"it-IT"}]}},"_links":{"self":[{"href":"https:\/\/stabiahall.it\/index.php\/wp-json\/wp\/v2\/pages\/3290","targetHints":{"allow":["GET"]}}],"collection":[{"href":"https:\/\/stabiahall.it\/index.php\/wp-json\/wp\/v2\/pages"}],"about":[{"href":"https:\/\/stabiahall.it\/index.php\/wp-json\/wp\/v2\/types\/page"}],"author":[{"embeddable":true,"href":"https:\/\/stabiahall.it\/index.php\/wp-json\/wp\/v2\/users\/1"}],"replies":[{"embeddable":true,"href":"https:\/\/stabiahall.it\/index.php\/wp-json\/wp\/v2\/comments?post=3290"}],"version-history":[{"count":17,"href":"https:\/\/stabiahall.it\/index.php\/wp-json\/wp\/v2\/pages\/3290\/revisions"}],"predecessor-version":[{"id":4216,"href":"https:\/\/stabiahall.it\/index.php\/wp-json\/wp\/v2\/pages\/3290\/revisions\/4216"}],"wp:attachment":[{"href":"https:\/\/stabiahall.it\/index.php\/wp-json\/wp\/v2\/media?parent=3290"}],"curies":[{"name":"wp","href":"https:\/\/api.w.org\/{rel}","templated":true}]}}