{"id":9047,"date":"2026-02-19T17:09:39","date_gmt":"2026-02-19T17:09:39","guid":{"rendered":"https:\/\/stabiahall.it\/?page_id=9047"},"modified":"2026-03-05T15:50:43","modified_gmt":"2026-03-05T15:50:43","slug":"mi-batte-il-corazon","status":"publish","type":"page","link":"https:\/\/stabiahall.it\/index.php\/mi-batte-il-corazon\/","title":{"rendered":"Mi batte il corazon"},"content":{"rendered":"<div class=\"wpb-content-wrapper\"><p>[vc_row full_width=&#8221;stretch_row&#8221; css=&#8221;.vc_custom_1702110183790{margin-top: -175px !important;background-color: #1e1e1e !important;}&#8221;][vc_column width=&#8221;1\/4&#8243;][vc_single_image image=&#8221;9046&#8243; img_size=&#8221;full&#8221;][\/vc_column][vc_column width=&#8221;3\/4&#8243;][vc_row_inner][vc_column_inner][vc_column_text]<strong>Genere: <\/strong>Commedia<br \/>\n<strong>Durata:<\/strong> 96 minuti<br \/>\n<strong>Regia:<\/strong> Francesco Prisco<br \/>\n<strong>Cast:<\/strong> Peppe Iodice, Francesco Procopio, Ivana Lotito, Yari Gugliucci, Gianni Ferreri, Francesco Mastandrea, Antonio Milo, Maria Bolignano[\/vc_column_text][\/vc_column_inner][\/vc_row_inner][vc_btn title=&#8221;Guarda il Trailer&#8221; color=&#8221;danger&#8221; link=&#8221;url:https%3A%2F%2Fwww.youtube.com%2Fwatch%3Fv%3DwRhoSa8hRp8%26pp%3DygUgbWkgYmF0dGUgaWwgY29yYXpvbiBwZXBwZSBpb2RpY2U%253D|target:_blank&#8221;][vc_btn title=&#8221;Acquista Ora&#8221; color=&#8221;danger&#8221; link=&#8221;url:https%3A%2F%2Fstabiahall.it%2Findex.php%2Facquisti-online%2F|title:Acquista%20Ora&#8221;][\/vc_column][\/vc_row][vc_row full_width=&#8221;stretch_row&#8221; css=&#8221;.vc_custom_1699194923712{background-color: #1e1e1e !important;}&#8221;][vc_column][vc_custom_heading heading_style=&#8221;heading_style_5&#8243; text=&#8221;Trama&#8221; google_fonts=&#8221;font_family:Playfair%20Display%3Aregular%2Citalic%2C700%2C700italic%2C900%2C900italic|font_style:400%20regular%3A400%3Anormal&#8221;][vc_separator][vc_column_text]Peppe Iovine, giornalista di una piccola emittente locale, conduce una vita tranquilla e mediocre, finch\u00e9 viene colto da infarto e muore.<\/p>\n<p>Fine dei giochi. O almeno, cos\u00ec sembra. Perch\u00e9 il giorno seguente, nel bel mezzo del suo funerale, Peppe si risveglia nella bara. Da l\u00ec comincia il suo personale inferno: per lo Stato \u00e8 morto, per la moglie \u00e8 un mistero, e per il quartiere \u00e8 \u201cquello che ha visto Maradona\u201d.<\/p>\n<p>Convinto di averlo incontrato davvero nell\u2019aldil\u00e0, Peppe decide di cambiare vita: dire sempre la verit\u00e0, senza pi\u00f9 paura di niente e nessuno. Ma la verit\u00e0 pu\u00f2 essere un\u2019arma pericolosa.<\/p>\n<p>E tra burocrazie assurde, confessioni esplosive e momenti di tenerezza disarmante, Peppe scopre che forse le seconde opportunit\u00e0 non servono a rifarsi\u2026 ma a capirsi davvero.[\/vc_column_text][\/vc_column][\/vc_row][vc_row full_width=&#8221;stretch_row_content&#8221; css=&#8221;.vc_custom_1699196736216{margin-top: 0px !important;margin-bottom: -10px !important;background-color: #a31320 !important;}&#8221;][vc_column][\/vc_column][\/vc_row]<\/p>\n<\/div>","protected":false},"excerpt":{"rendered":"<p>[vc_row full_width=&#8221;stretch_row&#8221; css=&#8221;.vc_custom_1702110183790{margin-top: -175px !important;background-color: #1e1e1e !important;}&#8221;][vc_column width=&#8221;1\/4&#8243;][vc_single_image image=&#8221;9046&#8243; img_size=&#8221;full&#8221;][\/vc_column][vc_column width=&#8221;3\/4&#8243;][vc_row_inner][vc_column_inner][vc_column_text]Genere: Commedia Durata: 96 minuti Regia: Francesco Prisco Cast: Peppe Iodice, Francesco Procopio, Ivana Lotito, Yari Gugliucci, Gianni Ferreri, Francesco Mastandrea, Antonio Milo, Maria Bolignano[\/vc_column_text][\/vc_column_inner][\/vc_row_inner][vc_btn title=&#8221;Guarda il Trailer&#8221; color=&#8221;danger&#8221; link=&#8221;url:https%3A%2F%2Fwww.youtube.com%2Fwatch%3Fv%3DwRhoSa8hRp8%26pp%3DygUgbWkgYmF0dGUgaWwgY29yYXpvbiBwZXBwZSBpb2RpY2U%253D|target:_blank&#8221;][vc_btn title=&#8221;Acquista Ora&#8221; color=&#8221;danger&#8221; link=&#8221;url:https%3A%2F%2Fstabiahall.it%2Findex.php%2Facquisti-online%2F|title:Acquista%20Ora&#8221;][\/vc_column][\/vc_row][vc_row full_width=&#8221;stretch_row&#8221; css=&#8221;.vc_custom_1699194923712{background-color: #1e1e1e !important;}&#8221;][vc_column][vc_custom_heading heading_style=&#8221;heading_style_5&#8243; text=&#8221;Trama&#8221; google_fonts=&#8221;font_family:Playfair%20Display%3Aregular%2Citalic%2C700%2C700italic%2C900%2C900italic|font_style:400%20regular%3A400%3Anormal&#8221;][vc_separator][vc_column_text]Peppe Iovine, giornalista di una [&hellip;]<\/p>\n","protected":false},"author":3,"featured_media":0,"parent":0,"menu_order":0,"comment_status":"closed","ping_status":"closed","template":"","meta":{"footnotes":""},"class_list":["post-9047","page","type-page","status-publish","hentry","clearfix"],"yoast_head":"<!-- This site is optimized with the Yoast SEO plugin v22.7 - https:\/\/yoast.com\/wordpress\/plugins\/seo\/ -->\n<title>Mi batte il corazon - Stabia Hall<\/title>\n<meta name=\"robots\" content=\"noindex, follow\" \/>\n<meta property=\"og:locale\" content=\"it_IT\" \/>\n<meta property=\"og:type\" content=\"article\" \/>\n<meta property=\"og:title\" content=\"Mi batte il corazon - Stabia Hall\" \/>\n<meta property=\"og:description\" content=\"[vc_row full_width=&#8221;stretch_row&#8221; css=&#8221;.vc_custom_1702110183790{margin-top: -175px !important;background-color: #1e1e1e !important;}&#8221;][vc_column width=&#8221;1\/4&#8243;][vc_single_image image=&#8221;9046&#8243; img_size=&#8221;full&#8221;][\/vc_column][vc_column width=&#8221;3\/4&#8243;][vc_row_inner][vc_column_inner][vc_column_text]Genere: Commedia Durata: 96 minuti Regia: Francesco Prisco Cast: Peppe Iodice, Francesco Procopio, Ivana Lotito, Yari Gugliucci, Gianni Ferreri, Francesco Mastandrea, Antonio Milo, Maria Bolignano[\/vc_column_text][\/vc_column_inner][\/vc_row_inner][vc_btn title=&#8221;Guarda il Trailer&#8221; color=&#8221;danger&#8221; link=&#8221;url:https%3A%2F%2Fwww.youtube.com%2Fwatch%3Fv%3DwRhoSa8hRp8%26pp%3DygUgbWkgYmF0dGUgaWwgY29yYXpvbiBwZXBwZSBpb2RpY2U%253D|target:_blank&#8221;][vc_btn title=&#8221;Acquista Ora&#8221; color=&#8221;danger&#8221; link=&#8221;url:https%3A%2F%2Fstabiahall.it%2Findex.php%2Facquisti-online%2F|title:Acquista%20Ora&#8221;][\/vc_column][\/vc_row][vc_row full_width=&#8221;stretch_row&#8221; css=&#8221;.vc_custom_1699194923712{background-color: #1e1e1e !important;}&#8221;][vc_column][vc_custom_heading heading_style=&#8221;heading_style_5&#8243; text=&#8221;Trama&#8221; google_fonts=&#8221;font_family:Playfair%20Display%3Aregular%2Citalic%2C700%2C700italic%2C900%2C900italic|font_style:400%20regular%3A400%3Anormal&#8221;][vc_separator][vc_column_text]Peppe Iovine, giornalista di una [&hellip;]\" \/>\n<meta property=\"og:url\" content=\"https:\/\/stabiahall.it\/index.php\/mi-batte-il-corazon\/\" \/>\n<meta property=\"og:site_name\" content=\"Stabia Hall\" \/>\n<meta property=\"article:modified_time\" content=\"2026-03-05T15:50:43+00:00\" \/>\n<meta name=\"twitter:card\" content=\"summary_large_image\" \/>\n<script type=\"application\/ld+json\" class=\"yoast-schema-graph\">{\"@context\":\"https:\/\/schema.org\",\"@graph\":[{\"@type\":\"WebPage\",\"@id\":\"https:\/\/stabiahall.it\/index.php\/mi-batte-il-corazon\/\",\"url\":\"https:\/\/stabiahall.it\/index.php\/mi-batte-il-corazon\/\",\"name\":\"Mi batte il corazon - Stabia Hall\",\"isPartOf\":{\"@id\":\"https:\/\/stabiahall.it\/#website\"},\"datePublished\":\"2026-02-19T17:09:39+00:00\",\"dateModified\":\"2026-03-05T15:50:43+00:00\",\"breadcrumb\":{\"@id\":\"https:\/\/stabiahall.it\/index.php\/mi-batte-il-corazon\/#breadcrumb\"},\"inLanguage\":\"it-IT\",\"potentialAction\":[{\"@type\":\"ReadAction\",\"target\":[\"https:\/\/stabiahall.it\/index.php\/mi-batte-il-corazon\/\"]}]},{\"@type\":\"BreadcrumbList\",\"@id\":\"https:\/\/stabiahall.it\/index.php\/mi-batte-il-corazon\/#breadcrumb\",\"itemListElement\":[{\"@type\":\"ListItem\",\"position\":1,\"name\":\"Home\",\"item\":\"https:\/\/stabiahall.it\/\"},{\"@type\":\"ListItem\",\"position\":2,\"name\":\"Mi batte il corazon\"}]},{\"@type\":\"WebSite\",\"@id\":\"https:\/\/stabiahall.it\/#website\",\"url\":\"https:\/\/stabiahall.it\/\",\"name\":\"Stabia Hall\",\"description\":\"\",\"potentialAction\":[{\"@type\":\"SearchAction\",\"target\":{\"@type\":\"EntryPoint\",\"urlTemplate\":\"https:\/\/stabiahall.it\/?s={search_term_string}\"},\"query-input\":\"required name=search_term_string\"}],\"inLanguage\":\"it-IT\"}]}<\/script>\n<!-- \/ Yoast SEO plugin. -->","yoast_head_json":{"title":"Mi batte il corazon - Stabia Hall","robots":{"index":"noindex","follow":"follow"},"og_locale":"it_IT","og_type":"article","og_title":"Mi batte il corazon - Stabia Hall","og_description":"[vc_row full_width=&#8221;stretch_row&#8221; css=&#8221;.vc_custom_1702110183790{margin-top: -175px !important;background-color: #1e1e1e !important;}&#8221;][vc_column width=&#8221;1\/4&#8243;][vc_single_image image=&#8221;9046&#8243; img_size=&#8221;full&#8221;][\/vc_column][vc_column width=&#8221;3\/4&#8243;][vc_row_inner][vc_column_inner][vc_column_text]Genere: Commedia Durata: 96 minuti Regia: Francesco Prisco Cast: Peppe Iodice, Francesco Procopio, Ivana Lotito, Yari Gugliucci, Gianni Ferreri, Francesco Mastandrea, Antonio Milo, Maria Bolignano[\/vc_column_text][\/vc_column_inner][\/vc_row_inner][vc_btn title=&#8221;Guarda il Trailer&#8221; color=&#8221;danger&#8221; link=&#8221;url:https%3A%2F%2Fwww.youtube.com%2Fwatch%3Fv%3DwRhoSa8hRp8%26pp%3DygUgbWkgYmF0dGUgaWwgY29yYXpvbiBwZXBwZSBpb2RpY2U%253D|target:_blank&#8221;][vc_btn title=&#8221;Acquista Ora&#8221; color=&#8221;danger&#8221; link=&#8221;url:https%3A%2F%2Fstabiahall.it%2Findex.php%2Facquisti-online%2F|title:Acquista%20Ora&#8221;][\/vc_column][\/vc_row][vc_row full_width=&#8221;stretch_row&#8221; css=&#8221;.vc_custom_1699194923712{background-color: #1e1e1e !important;}&#8221;][vc_column][vc_custom_heading heading_style=&#8221;heading_style_5&#8243; text=&#8221;Trama&#8221; google_fonts=&#8221;font_family:Playfair%20Display%3Aregular%2Citalic%2C700%2C700italic%2C900%2C900italic|font_style:400%20regular%3A400%3Anormal&#8221;][vc_separator][vc_column_text]Peppe Iovine, giornalista di una [&hellip;]","og_url":"https:\/\/stabiahall.it\/index.php\/mi-batte-il-corazon\/","og_site_name":"Stabia Hall","article_modified_time":"2026-03-05T15:50:43+00:00","twitter_card":"summary_large_image","schema":{"@context":"https:\/\/schema.org","@graph":[{"@type":"WebPage","@id":"https:\/\/stabiahall.it\/index.php\/mi-batte-il-corazon\/","url":"https:\/\/stabiahall.it\/index.php\/mi-batte-il-corazon\/","name":"Mi batte il corazon - Stabia Hall","isPartOf":{"@id":"https:\/\/stabiahall.it\/#website"},"datePublished":"2026-02-19T17:09:39+00:00","dateModified":"2026-03-05T15:50:43+00:00","breadcrumb":{"@id":"https:\/\/stabiahall.it\/index.php\/mi-batte-il-corazon\/#breadcrumb"},"inLanguage":"it-IT","potentialAction":[{"@type":"ReadAction","target":["https:\/\/stabiahall.it\/index.php\/mi-batte-il-corazon\/"]}]},{"@type":"BreadcrumbList","@id":"https:\/\/stabiahall.it\/index.php\/mi-batte-il-corazon\/#breadcrumb","itemListElement":[{"@type":"ListItem","position":1,"name":"Home","item":"https:\/\/stabiahall.it\/"},{"@type":"ListItem","position":2,"name":"Mi batte il corazon"}]},{"@type":"WebSite","@id":"https:\/\/stabiahall.it\/#website","url":"https:\/\/stabiahall.it\/","name":"Stabia Hall","description":"","potentialAction":[{"@type":"SearchAction","target":{"@type":"EntryPoint","urlTemplate":"https:\/\/stabiahall.it\/?s={search_term_string}"},"query-input":"required name=search_term_string"}],"inLanguage":"it-IT"}]}},"_links":{"self":[{"href":"https:\/\/stabiahall.it\/index.php\/wp-json\/wp\/v2\/pages\/9047","targetHints":{"allow":["GET"]}}],"collection":[{"href":"https:\/\/stabiahall.it\/index.php\/wp-json\/wp\/v2\/pages"}],"about":[{"href":"https:\/\/stabiahall.it\/index.php\/wp-json\/wp\/v2\/types\/page"}],"author":[{"embeddable":true,"href":"https:\/\/stabiahall.it\/index.php\/wp-json\/wp\/v2\/users\/3"}],"replies":[{"embeddable":true,"href":"https:\/\/stabiahall.it\/index.php\/wp-json\/wp\/v2\/comments?post=9047"}],"version-history":[{"count":4,"href":"https:\/\/stabiahall.it\/index.php\/wp-json\/wp\/v2\/pages\/9047\/revisions"}],"predecessor-version":[{"id":9155,"href":"https:\/\/stabiahall.it\/index.php\/wp-json\/wp\/v2\/pages\/9047\/revisions\/9155"}],"wp:attachment":[{"href":"https:\/\/stabiahall.it\/index.php\/wp-json\/wp\/v2\/media?parent=9047"}],"curies":[{"name":"wp","href":"https:\/\/api.w.org\/{rel}","templated":true}]}}