{"id":9394,"date":"2026-04-13T15:30:30","date_gmt":"2026-04-13T15:30:30","guid":{"rendered":"https:\/\/stabiahall.it\/?page_id=9394"},"modified":"2026-04-13T17:14:39","modified_gmt":"2026-04-13T17:14:39","slug":"alla-festa-della-rivoluzione","status":"publish","type":"page","link":"https:\/\/stabiahall.it\/index.php\/alla-festa-della-rivoluzione\/","title":{"rendered":"Alla Festa della Rivoluzione"},"content":{"rendered":"<div class=\"wpb-content-wrapper\"><p>[vc_row full_width=&#8221;stretch_row&#8221; css=&#8221;.vc_custom_1702110183790{margin-top: -175px !important;background-color: #1e1e1e !important;}&#8221;][vc_column width=&#8221;1\/4&#8243;][vc_single_image image=&#8221;9393&#8243; img_size=&#8221;full&#8221;][\/vc_column][vc_column width=&#8221;3\/4&#8243;][vc_row_inner][vc_column_inner][vc_column_text]<strong>Genere: <\/strong>Drammatico<br \/>\n<strong>Durata:<\/strong> 98 minuti<br \/>\n<strong>Regia:<\/strong> Arnaldo Catinari<br \/>\n<strong>Cast:<\/strong> Valentina Romani, Nicolas Maupas, Riccardo Scamarcio, Maurizio Lombardi, Darko Peric[\/vc_column_text][\/vc_column_inner][\/vc_row_inner][vc_btn title=&#8221;Guarda il Trailer&#8221; color=&#8221;danger&#8221; link=&#8221;url:https%3A%2F%2Fwww.youtube.com%2Fwatch%3Fv%3DAIvD7-o_znw%26pp%3DygUcYWxsYSBmZXN0YSBkZWxsYSByaXZvbHV6aW9uZQ%253D%253D|target:_blank&#8221;][vc_btn title=&#8221;Acquista Ora&#8221; color=&#8221;danger&#8221; link=&#8221;url:https%3A%2F%2Fstabiahall.it%2Findex.php%2Facquisti-online%2F|title:Acquista%20Ora&#8221;][\/vc_column][\/vc_row][vc_row full_width=&#8221;stretch_row&#8221; css=&#8221;.vc_custom_1699194923712{background-color: #1e1e1e !important;}&#8221;][vc_column][vc_custom_heading heading_style=&#8221;heading_style_5&#8243; text=&#8221;Trama&#8221; google_fonts=&#8221;font_family:Playfair%20Display%3Aregular%2Citalic%2C700%2C700italic%2C900%2C900italic|font_style:400%20regular%3A400%3Anormal&#8221;][vc_separator][vc_column_text]1919. Nell\u2019incandescente clima politico che precede il fascismo, Beatrice, una determinata spia al servizio della Russia, \u00e8 a Fiume il giorno in cui il vate ed eroe di guerra Gabriele D\u2019Annunzio d\u00e0 il via alla sua rivoluzione visionaria. Ma proprio durante la festa d\u2019insediamento si trova coinvolta in un attentato alla vita del PoetaGuerriero. Scoprire quali sono i nemici della rivoluzione \u00e8 di prioritaria importanza: per Beatrice che \u00e8 l\u00ec per proteggere D\u2019Annunzio, per Pietro, il capo dei servizi segreti italiani combattuto tra dovere e ideali, e per Giulio, un medico, disertore della Grande Guerra, vicino agli ambienti anarchici. Sullo sfondo di una rivoluzione che intende cambiare il mondo, le vite di Beatrice, Pietro e Giulio si intrecciano rivelando una realt\u00e0 in cui intrighi politici, amori impossibili e vendette private collideranno finendo per modellare non solo il loro destino ma anche quello di Fiume, di D\u2019Annunzio e dell\u2019Italia, che all\u2019alba degli anni 20 si trova ad un bivio cruciale tra dittatura e rivoluzione.[\/vc_column_text][\/vc_column][\/vc_row][vc_row full_width=&#8221;stretch_row_content&#8221; css=&#8221;.vc_custom_1699196736216{margin-top: 0px !important;margin-bottom: -10px !important;background-color: #a31320 !important;}&#8221;][vc_column][\/vc_column][\/vc_row]<\/p>\n<\/div>","protected":false},"excerpt":{"rendered":"<p>[vc_row full_width=&#8221;stretch_row&#8221; css=&#8221;.vc_custom_1702110183790{margin-top: -175px !important;background-color: #1e1e1e !important;}&#8221;][vc_column width=&#8221;1\/4&#8243;][vc_single_image image=&#8221;9393&#8243; img_size=&#8221;full&#8221;][\/vc_column][vc_column width=&#8221;3\/4&#8243;][vc_row_inner][vc_column_inner][vc_column_text]Genere: Drammatico Durata: 98 minuti Regia: Arnaldo Catinari Cast: Valentina Romani, Nicolas Maupas, Riccardo Scamarcio, Maurizio Lombardi, Darko Peric[\/vc_column_text][\/vc_column_inner][\/vc_row_inner][vc_btn title=&#8221;Guarda il Trailer&#8221; color=&#8221;danger&#8221; link=&#8221;url:https%3A%2F%2Fwww.youtube.com%2Fwatch%3Fv%3DAIvD7-o_znw%26pp%3DygUcYWxsYSBmZXN0YSBkZWxsYSByaXZvbHV6aW9uZQ%253D%253D|target:_blank&#8221;][vc_btn title=&#8221;Acquista Ora&#8221; color=&#8221;danger&#8221; link=&#8221;url:https%3A%2F%2Fstabiahall.it%2Findex.php%2Facquisti-online%2F|title:Acquista%20Ora&#8221;][\/vc_column][\/vc_row][vc_row full_width=&#8221;stretch_row&#8221; css=&#8221;.vc_custom_1699194923712{background-color: #1e1e1e !important;}&#8221;][vc_column][vc_custom_heading heading_style=&#8221;heading_style_5&#8243; text=&#8221;Trama&#8221; google_fonts=&#8221;font_family:Playfair%20Display%3Aregular%2Citalic%2C700%2C700italic%2C900%2C900italic|font_style:400%20regular%3A400%3Anormal&#8221;][vc_separator][vc_column_text]1919. Nell\u2019incandescente clima politico che precede il fascismo, Beatrice, una determinata [&hellip;]<\/p>\n","protected":false},"author":3,"featured_media":0,"parent":0,"menu_order":0,"comment_status":"closed","ping_status":"closed","template":"","meta":{"footnotes":""},"class_list":["post-9394","page","type-page","status-publish","hentry","clearfix"],"yoast_head":"<!-- This site is optimized with the Yoast SEO plugin v22.7 - https:\/\/yoast.com\/wordpress\/plugins\/seo\/ -->\n<title>Alla Festa della Rivoluzione - Stabia Hall<\/title>\n<meta name=\"robots\" content=\"noindex, follow\" \/>\n<meta property=\"og:locale\" content=\"it_IT\" \/>\n<meta property=\"og:type\" content=\"article\" \/>\n<meta property=\"og:title\" content=\"Alla Festa della Rivoluzione - Stabia Hall\" \/>\n<meta property=\"og:description\" content=\"[vc_row full_width=&#8221;stretch_row&#8221; css=&#8221;.vc_custom_1702110183790{margin-top: -175px !important;background-color: #1e1e1e !important;}&#8221;][vc_column width=&#8221;1\/4&#8243;][vc_single_image image=&#8221;9393&#8243; img_size=&#8221;full&#8221;][\/vc_column][vc_column width=&#8221;3\/4&#8243;][vc_row_inner][vc_column_inner][vc_column_text]Genere: Drammatico Durata: 98 minuti Regia: Arnaldo Catinari Cast: Valentina Romani, Nicolas Maupas, Riccardo Scamarcio, Maurizio Lombardi, Darko Peric[\/vc_column_text][\/vc_column_inner][\/vc_row_inner][vc_btn title=&#8221;Guarda il Trailer&#8221; color=&#8221;danger&#8221; link=&#8221;url:https%3A%2F%2Fwww.youtube.com%2Fwatch%3Fv%3DAIvD7-o_znw%26pp%3DygUcYWxsYSBmZXN0YSBkZWxsYSByaXZvbHV6aW9uZQ%253D%253D|target:_blank&#8221;][vc_btn title=&#8221;Acquista Ora&#8221; color=&#8221;danger&#8221; link=&#8221;url:https%3A%2F%2Fstabiahall.it%2Findex.php%2Facquisti-online%2F|title:Acquista%20Ora&#8221;][\/vc_column][\/vc_row][vc_row full_width=&#8221;stretch_row&#8221; css=&#8221;.vc_custom_1699194923712{background-color: #1e1e1e !important;}&#8221;][vc_column][vc_custom_heading heading_style=&#8221;heading_style_5&#8243; text=&#8221;Trama&#8221; google_fonts=&#8221;font_family:Playfair%20Display%3Aregular%2Citalic%2C700%2C700italic%2C900%2C900italic|font_style:400%20regular%3A400%3Anormal&#8221;][vc_separator][vc_column_text]1919. Nell\u2019incandescente clima politico che precede il fascismo, Beatrice, una determinata [&hellip;]\" \/>\n<meta property=\"og:url\" content=\"https:\/\/stabiahall.it\/index.php\/alla-festa-della-rivoluzione\/\" \/>\n<meta property=\"og:site_name\" content=\"Stabia Hall\" \/>\n<meta property=\"article:modified_time\" content=\"2026-04-13T17:14:39+00:00\" \/>\n<meta name=\"twitter:card\" content=\"summary_large_image\" \/>\n<script type=\"application\/ld+json\" class=\"yoast-schema-graph\">{\"@context\":\"https:\/\/schema.org\",\"@graph\":[{\"@type\":\"WebPage\",\"@id\":\"https:\/\/stabiahall.it\/index.php\/alla-festa-della-rivoluzione\/\",\"url\":\"https:\/\/stabiahall.it\/index.php\/alla-festa-della-rivoluzione\/\",\"name\":\"Alla Festa della Rivoluzione - Stabia Hall\",\"isPartOf\":{\"@id\":\"https:\/\/stabiahall.it\/#website\"},\"datePublished\":\"2026-04-13T15:30:30+00:00\",\"dateModified\":\"2026-04-13T17:14:39+00:00\",\"breadcrumb\":{\"@id\":\"https:\/\/stabiahall.it\/index.php\/alla-festa-della-rivoluzione\/#breadcrumb\"},\"inLanguage\":\"it-IT\",\"potentialAction\":[{\"@type\":\"ReadAction\",\"target\":[\"https:\/\/stabiahall.it\/index.php\/alla-festa-della-rivoluzione\/\"]}]},{\"@type\":\"BreadcrumbList\",\"@id\":\"https:\/\/stabiahall.it\/index.php\/alla-festa-della-rivoluzione\/#breadcrumb\",\"itemListElement\":[{\"@type\":\"ListItem\",\"position\":1,\"name\":\"Home\",\"item\":\"https:\/\/stabiahall.it\/\"},{\"@type\":\"ListItem\",\"position\":2,\"name\":\"Alla Festa della Rivoluzione\"}]},{\"@type\":\"WebSite\",\"@id\":\"https:\/\/stabiahall.it\/#website\",\"url\":\"https:\/\/stabiahall.it\/\",\"name\":\"Stabia Hall\",\"description\":\"\",\"potentialAction\":[{\"@type\":\"SearchAction\",\"target\":{\"@type\":\"EntryPoint\",\"urlTemplate\":\"https:\/\/stabiahall.it\/?s={search_term_string}\"},\"query-input\":\"required name=search_term_string\"}],\"inLanguage\":\"it-IT\"}]}<\/script>\n<!-- \/ Yoast SEO plugin. -->","yoast_head_json":{"title":"Alla Festa della Rivoluzione - Stabia Hall","robots":{"index":"noindex","follow":"follow"},"og_locale":"it_IT","og_type":"article","og_title":"Alla Festa della Rivoluzione - Stabia Hall","og_description":"[vc_row full_width=&#8221;stretch_row&#8221; css=&#8221;.vc_custom_1702110183790{margin-top: -175px !important;background-color: #1e1e1e !important;}&#8221;][vc_column width=&#8221;1\/4&#8243;][vc_single_image image=&#8221;9393&#8243; img_size=&#8221;full&#8221;][\/vc_column][vc_column width=&#8221;3\/4&#8243;][vc_row_inner][vc_column_inner][vc_column_text]Genere: Drammatico Durata: 98 minuti Regia: Arnaldo Catinari Cast: Valentina Romani, Nicolas Maupas, Riccardo Scamarcio, Maurizio Lombardi, Darko Peric[\/vc_column_text][\/vc_column_inner][\/vc_row_inner][vc_btn title=&#8221;Guarda il Trailer&#8221; color=&#8221;danger&#8221; link=&#8221;url:https%3A%2F%2Fwww.youtube.com%2Fwatch%3Fv%3DAIvD7-o_znw%26pp%3DygUcYWxsYSBmZXN0YSBkZWxsYSByaXZvbHV6aW9uZQ%253D%253D|target:_blank&#8221;][vc_btn title=&#8221;Acquista Ora&#8221; color=&#8221;danger&#8221; link=&#8221;url:https%3A%2F%2Fstabiahall.it%2Findex.php%2Facquisti-online%2F|title:Acquista%20Ora&#8221;][\/vc_column][\/vc_row][vc_row full_width=&#8221;stretch_row&#8221; css=&#8221;.vc_custom_1699194923712{background-color: #1e1e1e !important;}&#8221;][vc_column][vc_custom_heading heading_style=&#8221;heading_style_5&#8243; text=&#8221;Trama&#8221; google_fonts=&#8221;font_family:Playfair%20Display%3Aregular%2Citalic%2C700%2C700italic%2C900%2C900italic|font_style:400%20regular%3A400%3Anormal&#8221;][vc_separator][vc_column_text]1919. Nell\u2019incandescente clima politico che precede il fascismo, Beatrice, una determinata [&hellip;]","og_url":"https:\/\/stabiahall.it\/index.php\/alla-festa-della-rivoluzione\/","og_site_name":"Stabia Hall","article_modified_time":"2026-04-13T17:14:39+00:00","twitter_card":"summary_large_image","schema":{"@context":"https:\/\/schema.org","@graph":[{"@type":"WebPage","@id":"https:\/\/stabiahall.it\/index.php\/alla-festa-della-rivoluzione\/","url":"https:\/\/stabiahall.it\/index.php\/alla-festa-della-rivoluzione\/","name":"Alla Festa della Rivoluzione - Stabia Hall","isPartOf":{"@id":"https:\/\/stabiahall.it\/#website"},"datePublished":"2026-04-13T15:30:30+00:00","dateModified":"2026-04-13T17:14:39+00:00","breadcrumb":{"@id":"https:\/\/stabiahall.it\/index.php\/alla-festa-della-rivoluzione\/#breadcrumb"},"inLanguage":"it-IT","potentialAction":[{"@type":"ReadAction","target":["https:\/\/stabiahall.it\/index.php\/alla-festa-della-rivoluzione\/"]}]},{"@type":"BreadcrumbList","@id":"https:\/\/stabiahall.it\/index.php\/alla-festa-della-rivoluzione\/#breadcrumb","itemListElement":[{"@type":"ListItem","position":1,"name":"Home","item":"https:\/\/stabiahall.it\/"},{"@type":"ListItem","position":2,"name":"Alla Festa della Rivoluzione"}]},{"@type":"WebSite","@id":"https:\/\/stabiahall.it\/#website","url":"https:\/\/stabiahall.it\/","name":"Stabia Hall","description":"","potentialAction":[{"@type":"SearchAction","target":{"@type":"EntryPoint","urlTemplate":"https:\/\/stabiahall.it\/?s={search_term_string}"},"query-input":"required name=search_term_string"}],"inLanguage":"it-IT"}]}},"_links":{"self":[{"href":"https:\/\/stabiahall.it\/index.php\/wp-json\/wp\/v2\/pages\/9394","targetHints":{"allow":["GET"]}}],"collection":[{"href":"https:\/\/stabiahall.it\/index.php\/wp-json\/wp\/v2\/pages"}],"about":[{"href":"https:\/\/stabiahall.it\/index.php\/wp-json\/wp\/v2\/types\/page"}],"author":[{"embeddable":true,"href":"https:\/\/stabiahall.it\/index.php\/wp-json\/wp\/v2\/users\/3"}],"replies":[{"embeddable":true,"href":"https:\/\/stabiahall.it\/index.php\/wp-json\/wp\/v2\/comments?post=9394"}],"version-history":[{"count":3,"href":"https:\/\/stabiahall.it\/index.php\/wp-json\/wp\/v2\/pages\/9394\/revisions"}],"predecessor-version":[{"id":9402,"href":"https:\/\/stabiahall.it\/index.php\/wp-json\/wp\/v2\/pages\/9394\/revisions\/9402"}],"wp:attachment":[{"href":"https:\/\/stabiahall.it\/index.php\/wp-json\/wp\/v2\/media?parent=9394"}],"curies":[{"name":"wp","href":"https:\/\/api.w.org\/{rel}","templated":true}]}}