{"id":9435,"date":"2026-04-18T15:45:18","date_gmt":"2026-04-18T15:45:18","guid":{"rendered":"https:\/\/stabiahall.it\/?page_id=9435"},"modified":"2026-04-18T15:49:03","modified_gmt":"2026-04-18T15:49:03","slug":"pecore-sotto-copertura","status":"publish","type":"page","link":"https:\/\/stabiahall.it\/index.php\/pecore-sotto-copertura\/","title":{"rendered":"Pecore sotto copertura"},"content":{"rendered":"<div class=\"wpb-content-wrapper\"><p>[vc_row full_width=&#8221;stretch_row&#8221; css=&#8221;.vc_custom_1702110183790{margin-top: -175px !important;background-color: #1e1e1e !important;}&#8221;][vc_column width=&#8221;1\/4&#8243;][vc_single_image image=&#8221;9434&#8243; img_size=&#8221;full&#8221;][\/vc_column][vc_column width=&#8221;3\/4&#8243;][vc_row_inner][vc_column_inner][vc_column_text]<strong>Genere: <\/strong>Family<br \/>\n<strong>Durata:<\/strong> 109 minuti<br \/>\n<strong>Regia:<\/strong> Kyle Balda<br \/>\n<strong>Cast:<\/strong> Hugh Jackman, Emma Thompson, Regina Hall, Bryan Cranston, Julia Louis-Dreyfus, Nicholas Galitzine, Molly Gordon[\/vc_column_text][\/vc_column_inner][\/vc_row_inner][vc_btn title=&#8221;Guarda il Trailer&#8221; color=&#8221;danger&#8221; link=&#8221;url:https%3A%2F%2Fwww.youtube.com%2Fwatch%3Fv%3D7RjbMCN5E1M%26pp%3DygUWcGVjb3JlIHNvdHRvIGNvcGVydHVyYQ%253D%253D|target:_blank&#8221;][\/vc_column][\/vc_row][vc_row full_width=&#8221;stretch_row&#8221; css=&#8221;.vc_custom_1699194923712{background-color: #1e1e1e !important;}&#8221;][vc_column][vc_custom_heading heading_style=&#8221;heading_style_5&#8243; text=&#8221;Trama&#8221; google_fonts=&#8221;font_family:Playfair%20Display%3Aregular%2Citalic%2C700%2C700italic%2C900%2C900italic|font_style:400%20regular%3A400%3Anormal&#8221;][vc_separator][vc_column_text]In questa nuova e brillante rivisitazione del genere mystery, George (Hugh Jackman) \u00e8 un pastore che ogni sera legge romanzi gialli alle sue amate pecore, convinto che non possano comprenderlo. Quando per\u00f2 un misterioso incidente sconvolge la tranquillit\u00e0 della fattoria, le pecore decidono di dover diventare loro stesse delle detective. Seguendo gli indizi e indagando sui sospetti umani, dimostrano che anche le pecore possono essere brillanti investigatrici.[\/vc_column_text][\/vc_column][\/vc_row][vc_row full_width=&#8221;stretch_row_content&#8221; css=&#8221;.vc_custom_1699196736216{margin-top: 0px !important;margin-bottom: -10px !important;background-color: #a31320 !important;}&#8221;][vc_column][\/vc_column][\/vc_row]<\/p>\n<\/div>","protected":false},"excerpt":{"rendered":"<p>[vc_row full_width=&#8221;stretch_row&#8221; css=&#8221;.vc_custom_1702110183790{margin-top: -175px !important;background-color: #1e1e1e !important;}&#8221;][vc_column width=&#8221;1\/4&#8243;][vc_single_image image=&#8221;9434&#8243; img_size=&#8221;full&#8221;][\/vc_column][vc_column width=&#8221;3\/4&#8243;][vc_row_inner][vc_column_inner][vc_column_text]Genere: Family Durata: 109 minuti Regia: Kyle Balda Cast: Hugh Jackman, Emma Thompson, Regina Hall, Bryan Cranston, Julia Louis-Dreyfus, Nicholas Galitzine, Molly Gordon[\/vc_column_text][\/vc_column_inner][\/vc_row_inner][vc_btn title=&#8221;Guarda il Trailer&#8221; color=&#8221;danger&#8221; link=&#8221;url:https%3A%2F%2Fwww.youtube.com%2Fwatch%3Fv%3D7RjbMCN5E1M%26pp%3DygUWcGVjb3JlIHNvdHRvIGNvcGVydHVyYQ%253D%253D|target:_blank&#8221;][\/vc_column][\/vc_row][vc_row full_width=&#8221;stretch_row&#8221; css=&#8221;.vc_custom_1699194923712{background-color: #1e1e1e !important;}&#8221;][vc_column][vc_custom_heading heading_style=&#8221;heading_style_5&#8243; text=&#8221;Trama&#8221; google_fonts=&#8221;font_family:Playfair%20Display%3Aregular%2Citalic%2C700%2C700italic%2C900%2C900italic|font_style:400%20regular%3A400%3Anormal&#8221;][vc_separator][vc_column_text]In questa nuova e brillante rivisitazione del genere mystery, George (Hugh [&hellip;]<\/p>\n","protected":false},"author":3,"featured_media":0,"parent":0,"menu_order":0,"comment_status":"closed","ping_status":"closed","template":"","meta":{"footnotes":""},"class_list":["post-9435","page","type-page","status-publish","hentry","clearfix"],"yoast_head":"<!-- This site is optimized with the Yoast SEO plugin v22.7 - https:\/\/yoast.com\/wordpress\/plugins\/seo\/ -->\n<title>Pecore sotto copertura - Stabia Hall<\/title>\n<meta name=\"robots\" content=\"noindex, follow\" \/>\n<meta property=\"og:locale\" content=\"it_IT\" \/>\n<meta property=\"og:type\" content=\"article\" \/>\n<meta property=\"og:title\" content=\"Pecore sotto copertura - Stabia Hall\" \/>\n<meta property=\"og:description\" content=\"[vc_row full_width=&#8221;stretch_row&#8221; css=&#8221;.vc_custom_1702110183790{margin-top: -175px !important;background-color: #1e1e1e !important;}&#8221;][vc_column width=&#8221;1\/4&#8243;][vc_single_image image=&#8221;9434&#8243; img_size=&#8221;full&#8221;][\/vc_column][vc_column width=&#8221;3\/4&#8243;][vc_row_inner][vc_column_inner][vc_column_text]Genere: Family Durata: 109 minuti Regia: Kyle Balda Cast: Hugh Jackman, Emma Thompson, Regina Hall, Bryan Cranston, Julia Louis-Dreyfus, Nicholas Galitzine, Molly Gordon[\/vc_column_text][\/vc_column_inner][\/vc_row_inner][vc_btn title=&#8221;Guarda il Trailer&#8221; color=&#8221;danger&#8221; link=&#8221;url:https%3A%2F%2Fwww.youtube.com%2Fwatch%3Fv%3D7RjbMCN5E1M%26pp%3DygUWcGVjb3JlIHNvdHRvIGNvcGVydHVyYQ%253D%253D|target:_blank&#8221;][\/vc_column][\/vc_row][vc_row full_width=&#8221;stretch_row&#8221; css=&#8221;.vc_custom_1699194923712{background-color: #1e1e1e !important;}&#8221;][vc_column][vc_custom_heading heading_style=&#8221;heading_style_5&#8243; text=&#8221;Trama&#8221; google_fonts=&#8221;font_family:Playfair%20Display%3Aregular%2Citalic%2C700%2C700italic%2C900%2C900italic|font_style:400%20regular%3A400%3Anormal&#8221;][vc_separator][vc_column_text]In questa nuova e brillante rivisitazione del genere mystery, George (Hugh [&hellip;]\" \/>\n<meta property=\"og:url\" content=\"https:\/\/stabiahall.it\/index.php\/pecore-sotto-copertura\/\" \/>\n<meta property=\"og:site_name\" content=\"Stabia Hall\" \/>\n<meta property=\"article:modified_time\" content=\"2026-04-18T15:49:03+00:00\" \/>\n<meta name=\"twitter:card\" content=\"summary_large_image\" \/>\n<script type=\"application\/ld+json\" class=\"yoast-schema-graph\">{\"@context\":\"https:\/\/schema.org\",\"@graph\":[{\"@type\":\"WebPage\",\"@id\":\"https:\/\/stabiahall.it\/index.php\/pecore-sotto-copertura\/\",\"url\":\"https:\/\/stabiahall.it\/index.php\/pecore-sotto-copertura\/\",\"name\":\"Pecore sotto copertura - Stabia Hall\",\"isPartOf\":{\"@id\":\"https:\/\/stabiahall.it\/#website\"},\"datePublished\":\"2026-04-18T15:45:18+00:00\",\"dateModified\":\"2026-04-18T15:49:03+00:00\",\"breadcrumb\":{\"@id\":\"https:\/\/stabiahall.it\/index.php\/pecore-sotto-copertura\/#breadcrumb\"},\"inLanguage\":\"it-IT\",\"potentialAction\":[{\"@type\":\"ReadAction\",\"target\":[\"https:\/\/stabiahall.it\/index.php\/pecore-sotto-copertura\/\"]}]},{\"@type\":\"BreadcrumbList\",\"@id\":\"https:\/\/stabiahall.it\/index.php\/pecore-sotto-copertura\/#breadcrumb\",\"itemListElement\":[{\"@type\":\"ListItem\",\"position\":1,\"name\":\"Home\",\"item\":\"https:\/\/stabiahall.it\/\"},{\"@type\":\"ListItem\",\"position\":2,\"name\":\"Pecore sotto copertura\"}]},{\"@type\":\"WebSite\",\"@id\":\"https:\/\/stabiahall.it\/#website\",\"url\":\"https:\/\/stabiahall.it\/\",\"name\":\"Stabia Hall\",\"description\":\"\",\"potentialAction\":[{\"@type\":\"SearchAction\",\"target\":{\"@type\":\"EntryPoint\",\"urlTemplate\":\"https:\/\/stabiahall.it\/?s={search_term_string}\"},\"query-input\":\"required name=search_term_string\"}],\"inLanguage\":\"it-IT\"}]}<\/script>\n<!-- \/ Yoast SEO plugin. -->","yoast_head_json":{"title":"Pecore sotto copertura - Stabia Hall","robots":{"index":"noindex","follow":"follow"},"og_locale":"it_IT","og_type":"article","og_title":"Pecore sotto copertura - Stabia Hall","og_description":"[vc_row full_width=&#8221;stretch_row&#8221; css=&#8221;.vc_custom_1702110183790{margin-top: -175px !important;background-color: #1e1e1e !important;}&#8221;][vc_column width=&#8221;1\/4&#8243;][vc_single_image image=&#8221;9434&#8243; img_size=&#8221;full&#8221;][\/vc_column][vc_column width=&#8221;3\/4&#8243;][vc_row_inner][vc_column_inner][vc_column_text]Genere: Family Durata: 109 minuti Regia: Kyle Balda Cast: Hugh Jackman, Emma Thompson, Regina Hall, Bryan Cranston, Julia Louis-Dreyfus, Nicholas Galitzine, Molly Gordon[\/vc_column_text][\/vc_column_inner][\/vc_row_inner][vc_btn title=&#8221;Guarda il Trailer&#8221; color=&#8221;danger&#8221; link=&#8221;url:https%3A%2F%2Fwww.youtube.com%2Fwatch%3Fv%3D7RjbMCN5E1M%26pp%3DygUWcGVjb3JlIHNvdHRvIGNvcGVydHVyYQ%253D%253D|target:_blank&#8221;][\/vc_column][\/vc_row][vc_row full_width=&#8221;stretch_row&#8221; css=&#8221;.vc_custom_1699194923712{background-color: #1e1e1e !important;}&#8221;][vc_column][vc_custom_heading heading_style=&#8221;heading_style_5&#8243; text=&#8221;Trama&#8221; google_fonts=&#8221;font_family:Playfair%20Display%3Aregular%2Citalic%2C700%2C700italic%2C900%2C900italic|font_style:400%20regular%3A400%3Anormal&#8221;][vc_separator][vc_column_text]In questa nuova e brillante rivisitazione del genere mystery, George (Hugh [&hellip;]","og_url":"https:\/\/stabiahall.it\/index.php\/pecore-sotto-copertura\/","og_site_name":"Stabia Hall","article_modified_time":"2026-04-18T15:49:03+00:00","twitter_card":"summary_large_image","schema":{"@context":"https:\/\/schema.org","@graph":[{"@type":"WebPage","@id":"https:\/\/stabiahall.it\/index.php\/pecore-sotto-copertura\/","url":"https:\/\/stabiahall.it\/index.php\/pecore-sotto-copertura\/","name":"Pecore sotto copertura - Stabia Hall","isPartOf":{"@id":"https:\/\/stabiahall.it\/#website"},"datePublished":"2026-04-18T15:45:18+00:00","dateModified":"2026-04-18T15:49:03+00:00","breadcrumb":{"@id":"https:\/\/stabiahall.it\/index.php\/pecore-sotto-copertura\/#breadcrumb"},"inLanguage":"it-IT","potentialAction":[{"@type":"ReadAction","target":["https:\/\/stabiahall.it\/index.php\/pecore-sotto-copertura\/"]}]},{"@type":"BreadcrumbList","@id":"https:\/\/stabiahall.it\/index.php\/pecore-sotto-copertura\/#breadcrumb","itemListElement":[{"@type":"ListItem","position":1,"name":"Home","item":"https:\/\/stabiahall.it\/"},{"@type":"ListItem","position":2,"name":"Pecore sotto copertura"}]},{"@type":"WebSite","@id":"https:\/\/stabiahall.it\/#website","url":"https:\/\/stabiahall.it\/","name":"Stabia Hall","description":"","potentialAction":[{"@type":"SearchAction","target":{"@type":"EntryPoint","urlTemplate":"https:\/\/stabiahall.it\/?s={search_term_string}"},"query-input":"required name=search_term_string"}],"inLanguage":"it-IT"}]}},"_links":{"self":[{"href":"https:\/\/stabiahall.it\/index.php\/wp-json\/wp\/v2\/pages\/9435","targetHints":{"allow":["GET"]}}],"collection":[{"href":"https:\/\/stabiahall.it\/index.php\/wp-json\/wp\/v2\/pages"}],"about":[{"href":"https:\/\/stabiahall.it\/index.php\/wp-json\/wp\/v2\/types\/page"}],"author":[{"embeddable":true,"href":"https:\/\/stabiahall.it\/index.php\/wp-json\/wp\/v2\/users\/3"}],"replies":[{"embeddable":true,"href":"https:\/\/stabiahall.it\/index.php\/wp-json\/wp\/v2\/comments?post=9435"}],"version-history":[{"count":2,"href":"https:\/\/stabiahall.it\/index.php\/wp-json\/wp\/v2\/pages\/9435\/revisions"}],"predecessor-version":[{"id":9437,"href":"https:\/\/stabiahall.it\/index.php\/wp-json\/wp\/v2\/pages\/9435\/revisions\/9437"}],"wp:attachment":[{"href":"https:\/\/stabiahall.it\/index.php\/wp-json\/wp\/v2\/media?parent=9435"}],"curies":[{"name":"wp","href":"https:\/\/api.w.org\/{rel}","templated":true}]}}