{"id":9479,"date":"2026-04-28T15:57:40","date_gmt":"2026-04-28T15:57:40","guid":{"rendered":"https:\/\/stabiahall.it\/?page_id=9479"},"modified":"2026-04-28T16:01:06","modified_gmt":"2026-04-28T16:01:06","slug":"the-amazing-digital-circus-the-last-act","status":"publish","type":"page","link":"https:\/\/stabiahall.it\/index.php\/the-amazing-digital-circus-the-last-act\/","title":{"rendered":"The Amazing Digital Circus: The Last Act"},"content":{"rendered":"<div class=\"wpb-content-wrapper\"><p>[vc_row full_width=&#8221;stretch_row&#8221; css=&#8221;.vc_custom_1702110183790{margin-top: -175px !important;background-color: #1e1e1e !important;}&#8221;][vc_column width=&#8221;1\/4&#8243;][vc_single_image image=&#8221;9478&#8243; img_size=&#8221;full&#8221;][\/vc_column][vc_column width=&#8221;3\/4&#8243;][vc_row_inner][vc_column_inner][vc_column_text]<strong>Genere: <\/strong>Animazione<br \/>\n<strong>Durata:<\/strong> 93 minuti<br \/>\n<strong>Regia:<\/strong> Gooseworx[\/vc_column_text][\/vc_column_inner][\/vc_row_inner][vc_btn title=&#8221;Guarda il Trailer&#8221; color=&#8221;danger&#8221; link=&#8221;url:https%3A%2F%2Fwww.youtube.com%2Fwatch%3Fv%3DAjFk1cY265I%26pp%3DygUvdGhlIGFtYXppbmcgZGlnaXRhbCBjaXJjdXMgdGhlIGxhc3QgYWN0IHRyYWlsZXI%253D|target:_blank&#8221;][\/vc_column][\/vc_row][vc_row full_width=&#8221;stretch_row&#8221; css=&#8221;.vc_custom_1699194923712{background-color: #1e1e1e !important;}&#8221;][vc_column][vc_custom_heading heading_style=&#8221;heading_style_5&#8243; text=&#8221;Trama&#8221; google_fonts=&#8221;font_family:Playfair%20Display%3Aregular%2Citalic%2C700%2C700italic%2C900%2C900italic|font_style:400%20regular%3A400%3Anormal&#8221;][vc_separator][vc_column_text]Il fenomeno virale del web \u201cThe Amazing Digital Circus\u201d giunge al suo attesissimo finale con l\u2019uscita nelle sale cinematografiche di un lungometraggio! Questo \u201cLast Act\u201d unisce l\u2019episodio 8 e il nuovissimo episodio 9, della durata di un\u2019ora, per consentire ai fan di vederlo prima di chiunque altro.<\/p>\n<p>Con la prospettiva dell\u2019eternit\u00e0 che incombe su di loro, scopriranno la verit\u00e0 sul Digital Circus e sulla sua storia. Riusciranno ad accettare ci\u00f2 che scopriranno, o faranno\u2026 l\u2019altra scelta? E probabilmente a un certo punto qualcuno dir\u00e0 qualcosa di divertente&#8230; perch\u00e9 il finale non pu\u00f2 essere COS\u00cc deprimente, giusto?[\/vc_column_text][\/vc_column][\/vc_row][vc_row full_width=&#8221;stretch_row_content&#8221; css=&#8221;.vc_custom_1699196736216{margin-top: 0px !important;margin-bottom: -10px !important;background-color: #a31320 !important;}&#8221;][vc_column][\/vc_column][\/vc_row]<\/p>\n<\/div>","protected":false},"excerpt":{"rendered":"<p>[vc_row full_width=&#8221;stretch_row&#8221; css=&#8221;.vc_custom_1702110183790{margin-top: -175px !important;background-color: #1e1e1e !important;}&#8221;][vc_column width=&#8221;1\/4&#8243;][vc_single_image image=&#8221;9478&#8243; img_size=&#8221;full&#8221;][\/vc_column][vc_column width=&#8221;3\/4&#8243;][vc_row_inner][vc_column_inner][vc_column_text]Genere: Animazione Durata: 93 minuti Regia: Gooseworx[\/vc_column_text][\/vc_column_inner][\/vc_row_inner][vc_btn title=&#8221;Guarda il Trailer&#8221; color=&#8221;danger&#8221; link=&#8221;url:https%3A%2F%2Fwww.youtube.com%2Fwatch%3Fv%3DAjFk1cY265I%26pp%3DygUvdGhlIGFtYXppbmcgZGlnaXRhbCBjaXJjdXMgdGhlIGxhc3QgYWN0IHRyYWlsZXI%253D|target:_blank&#8221;][\/vc_column][\/vc_row][vc_row full_width=&#8221;stretch_row&#8221; css=&#8221;.vc_custom_1699194923712{background-color: #1e1e1e !important;}&#8221;][vc_column][vc_custom_heading heading_style=&#8221;heading_style_5&#8243; text=&#8221;Trama&#8221; google_fonts=&#8221;font_family:Playfair%20Display%3Aregular%2Citalic%2C700%2C700italic%2C900%2C900italic|font_style:400%20regular%3A400%3Anormal&#8221;][vc_separator][vc_column_text]Il fenomeno virale del web \u201cThe Amazing Digital Circus\u201d giunge al suo attesissimo finale con l\u2019uscita nelle sale cinematografiche di un lungometraggio! Questo \u201cLast Act\u201d unisce l\u2019episodio [&hellip;]<\/p>\n","protected":false},"author":3,"featured_media":0,"parent":0,"menu_order":0,"comment_status":"closed","ping_status":"closed","template":"","meta":{"footnotes":""},"class_list":["post-9479","page","type-page","status-publish","hentry","clearfix"],"yoast_head":"<!-- This site is optimized with the Yoast SEO plugin v22.7 - https:\/\/yoast.com\/wordpress\/plugins\/seo\/ -->\n<title>The Amazing Digital Circus: The Last Act - Stabia Hall<\/title>\n<meta name=\"robots\" content=\"noindex, follow\" \/>\n<meta property=\"og:locale\" content=\"it_IT\" \/>\n<meta property=\"og:type\" content=\"article\" \/>\n<meta property=\"og:title\" content=\"The Amazing Digital Circus: The Last Act - Stabia Hall\" \/>\n<meta property=\"og:description\" content=\"[vc_row full_width=&#8221;stretch_row&#8221; css=&#8221;.vc_custom_1702110183790{margin-top: -175px !important;background-color: #1e1e1e !important;}&#8221;][vc_column width=&#8221;1\/4&#8243;][vc_single_image image=&#8221;9478&#8243; img_size=&#8221;full&#8221;][\/vc_column][vc_column width=&#8221;3\/4&#8243;][vc_row_inner][vc_column_inner][vc_column_text]Genere: Animazione Durata: 93 minuti Regia: Gooseworx[\/vc_column_text][\/vc_column_inner][\/vc_row_inner][vc_btn title=&#8221;Guarda il Trailer&#8221; color=&#8221;danger&#8221; link=&#8221;url:https%3A%2F%2Fwww.youtube.com%2Fwatch%3Fv%3DAjFk1cY265I%26pp%3DygUvdGhlIGFtYXppbmcgZGlnaXRhbCBjaXJjdXMgdGhlIGxhc3QgYWN0IHRyYWlsZXI%253D|target:_blank&#8221;][\/vc_column][\/vc_row][vc_row full_width=&#8221;stretch_row&#8221; css=&#8221;.vc_custom_1699194923712{background-color: #1e1e1e !important;}&#8221;][vc_column][vc_custom_heading heading_style=&#8221;heading_style_5&#8243; text=&#8221;Trama&#8221; google_fonts=&#8221;font_family:Playfair%20Display%3Aregular%2Citalic%2C700%2C700italic%2C900%2C900italic|font_style:400%20regular%3A400%3Anormal&#8221;][vc_separator][vc_column_text]Il fenomeno virale del web \u201cThe Amazing Digital Circus\u201d giunge al suo attesissimo finale con l\u2019uscita nelle sale cinematografiche di un lungometraggio! Questo \u201cLast Act\u201d unisce l\u2019episodio [&hellip;]\" \/>\n<meta property=\"og:url\" content=\"https:\/\/stabiahall.it\/index.php\/the-amazing-digital-circus-the-last-act\/\" \/>\n<meta property=\"og:site_name\" content=\"Stabia Hall\" \/>\n<meta property=\"article:modified_time\" content=\"2026-04-28T16:01:06+00:00\" \/>\n<meta name=\"twitter:card\" content=\"summary_large_image\" \/>\n<script type=\"application\/ld+json\" class=\"yoast-schema-graph\">{\"@context\":\"https:\/\/schema.org\",\"@graph\":[{\"@type\":\"WebPage\",\"@id\":\"https:\/\/stabiahall.it\/index.php\/the-amazing-digital-circus-the-last-act\/\",\"url\":\"https:\/\/stabiahall.it\/index.php\/the-amazing-digital-circus-the-last-act\/\",\"name\":\"The Amazing Digital Circus: The Last Act - Stabia Hall\",\"isPartOf\":{\"@id\":\"https:\/\/stabiahall.it\/#website\"},\"datePublished\":\"2026-04-28T15:57:40+00:00\",\"dateModified\":\"2026-04-28T16:01:06+00:00\",\"breadcrumb\":{\"@id\":\"https:\/\/stabiahall.it\/index.php\/the-amazing-digital-circus-the-last-act\/#breadcrumb\"},\"inLanguage\":\"it-IT\",\"potentialAction\":[{\"@type\":\"ReadAction\",\"target\":[\"https:\/\/stabiahall.it\/index.php\/the-amazing-digital-circus-the-last-act\/\"]}]},{\"@type\":\"BreadcrumbList\",\"@id\":\"https:\/\/stabiahall.it\/index.php\/the-amazing-digital-circus-the-last-act\/#breadcrumb\",\"itemListElement\":[{\"@type\":\"ListItem\",\"position\":1,\"name\":\"Home\",\"item\":\"https:\/\/stabiahall.it\/\"},{\"@type\":\"ListItem\",\"position\":2,\"name\":\"The Amazing Digital Circus: The Last Act\"}]},{\"@type\":\"WebSite\",\"@id\":\"https:\/\/stabiahall.it\/#website\",\"url\":\"https:\/\/stabiahall.it\/\",\"name\":\"Stabia Hall\",\"description\":\"\",\"potentialAction\":[{\"@type\":\"SearchAction\",\"target\":{\"@type\":\"EntryPoint\",\"urlTemplate\":\"https:\/\/stabiahall.it\/?s={search_term_string}\"},\"query-input\":\"required name=search_term_string\"}],\"inLanguage\":\"it-IT\"}]}<\/script>\n<!-- \/ Yoast SEO plugin. -->","yoast_head_json":{"title":"The Amazing Digital Circus: The Last Act - Stabia Hall","robots":{"index":"noindex","follow":"follow"},"og_locale":"it_IT","og_type":"article","og_title":"The Amazing Digital Circus: The Last Act - Stabia Hall","og_description":"[vc_row full_width=&#8221;stretch_row&#8221; css=&#8221;.vc_custom_1702110183790{margin-top: -175px !important;background-color: #1e1e1e !important;}&#8221;][vc_column width=&#8221;1\/4&#8243;][vc_single_image image=&#8221;9478&#8243; img_size=&#8221;full&#8221;][\/vc_column][vc_column width=&#8221;3\/4&#8243;][vc_row_inner][vc_column_inner][vc_column_text]Genere: Animazione Durata: 93 minuti Regia: Gooseworx[\/vc_column_text][\/vc_column_inner][\/vc_row_inner][vc_btn title=&#8221;Guarda il Trailer&#8221; color=&#8221;danger&#8221; link=&#8221;url:https%3A%2F%2Fwww.youtube.com%2Fwatch%3Fv%3DAjFk1cY265I%26pp%3DygUvdGhlIGFtYXppbmcgZGlnaXRhbCBjaXJjdXMgdGhlIGxhc3QgYWN0IHRyYWlsZXI%253D|target:_blank&#8221;][\/vc_column][\/vc_row][vc_row full_width=&#8221;stretch_row&#8221; css=&#8221;.vc_custom_1699194923712{background-color: #1e1e1e !important;}&#8221;][vc_column][vc_custom_heading heading_style=&#8221;heading_style_5&#8243; text=&#8221;Trama&#8221; google_fonts=&#8221;font_family:Playfair%20Display%3Aregular%2Citalic%2C700%2C700italic%2C900%2C900italic|font_style:400%20regular%3A400%3Anormal&#8221;][vc_separator][vc_column_text]Il fenomeno virale del web \u201cThe Amazing Digital Circus\u201d giunge al suo attesissimo finale con l\u2019uscita nelle sale cinematografiche di un lungometraggio! Questo \u201cLast Act\u201d unisce l\u2019episodio [&hellip;]","og_url":"https:\/\/stabiahall.it\/index.php\/the-amazing-digital-circus-the-last-act\/","og_site_name":"Stabia Hall","article_modified_time":"2026-04-28T16:01:06+00:00","twitter_card":"summary_large_image","schema":{"@context":"https:\/\/schema.org","@graph":[{"@type":"WebPage","@id":"https:\/\/stabiahall.it\/index.php\/the-amazing-digital-circus-the-last-act\/","url":"https:\/\/stabiahall.it\/index.php\/the-amazing-digital-circus-the-last-act\/","name":"The Amazing Digital Circus: The Last Act - Stabia Hall","isPartOf":{"@id":"https:\/\/stabiahall.it\/#website"},"datePublished":"2026-04-28T15:57:40+00:00","dateModified":"2026-04-28T16:01:06+00:00","breadcrumb":{"@id":"https:\/\/stabiahall.it\/index.php\/the-amazing-digital-circus-the-last-act\/#breadcrumb"},"inLanguage":"it-IT","potentialAction":[{"@type":"ReadAction","target":["https:\/\/stabiahall.it\/index.php\/the-amazing-digital-circus-the-last-act\/"]}]},{"@type":"BreadcrumbList","@id":"https:\/\/stabiahall.it\/index.php\/the-amazing-digital-circus-the-last-act\/#breadcrumb","itemListElement":[{"@type":"ListItem","position":1,"name":"Home","item":"https:\/\/stabiahall.it\/"},{"@type":"ListItem","position":2,"name":"The Amazing Digital Circus: The Last Act"}]},{"@type":"WebSite","@id":"https:\/\/stabiahall.it\/#website","url":"https:\/\/stabiahall.it\/","name":"Stabia Hall","description":"","potentialAction":[{"@type":"SearchAction","target":{"@type":"EntryPoint","urlTemplate":"https:\/\/stabiahall.it\/?s={search_term_string}"},"query-input":"required name=search_term_string"}],"inLanguage":"it-IT"}]}},"_links":{"self":[{"href":"https:\/\/stabiahall.it\/index.php\/wp-json\/wp\/v2\/pages\/9479","targetHints":{"allow":["GET"]}}],"collection":[{"href":"https:\/\/stabiahall.it\/index.php\/wp-json\/wp\/v2\/pages"}],"about":[{"href":"https:\/\/stabiahall.it\/index.php\/wp-json\/wp\/v2\/types\/page"}],"author":[{"embeddable":true,"href":"https:\/\/stabiahall.it\/index.php\/wp-json\/wp\/v2\/users\/3"}],"replies":[{"embeddable":true,"href":"https:\/\/stabiahall.it\/index.php\/wp-json\/wp\/v2\/comments?post=9479"}],"version-history":[{"count":2,"href":"https:\/\/stabiahall.it\/index.php\/wp-json\/wp\/v2\/pages\/9479\/revisions"}],"predecessor-version":[{"id":9481,"href":"https:\/\/stabiahall.it\/index.php\/wp-json\/wp\/v2\/pages\/9479\/revisions\/9481"}],"wp:attachment":[{"href":"https:\/\/stabiahall.it\/index.php\/wp-json\/wp\/v2\/media?parent=9479"}],"curies":[{"name":"wp","href":"https:\/\/api.w.org\/{rel}","templated":true}]}}