{"id":9579,"date":"2026-05-11T15:48:22","date_gmt":"2026-05-11T15:48:22","guid":{"rendered":"https:\/\/stabiahall.it\/?page_id=9579"},"modified":"2026-05-11T15:49:45","modified_gmt":"2026-05-11T15:49:45","slug":"mother-mary","status":"publish","type":"page","link":"https:\/\/stabiahall.it\/index.php\/mother-mary\/","title":{"rendered":"Mother Mary"},"content":{"rendered":"<div class=\"wpb-content-wrapper\"><p>[vc_row full_width=&#8221;stretch_row&#8221; css=&#8221;.vc_custom_1702110183790{margin-top: -175px !important;background-color: #1e1e1e !important;}&#8221;][vc_column width=&#8221;1\/4&#8243;][vc_single_image image=&#8221;9578&#8243; img_size=&#8221;full&#8221;][\/vc_column][vc_column width=&#8221;3\/4&#8243;][vc_row_inner][vc_column_inner][vc_column_text]<strong>Genere: <\/strong>Drammatico<br \/>\n<strong>Durata:<\/strong> 112 minuti<br \/>\n<strong>Regia:<\/strong> David Lowery<br \/>\n<strong>Cast:<\/strong> Anne Hathaway, Michaela Coel, Hunter Schafer, Sian Clifford, Atheena Frizzell[\/vc_column_text][\/vc_column_inner][\/vc_row_inner][vc_btn title=&#8221;Guarda il Trailer&#8221; color=&#8221;danger&#8221; link=&#8221;url:https%3A%2F%2Fwww.youtube.com%2Fwatch%3Fv%3DsNIUIKZ2vxM%26pp%3DygUTbW90aGVyIG1hcnkgdHJhaWxlctIHCQkDCwGHKiGM7w%253D%253D|target:_blank&#8221;][vc_btn title=&#8221;Acquista Ora&#8221; color=&#8221;danger&#8221; link=&#8221;url:https%3A%2F%2Fstabiahall.it%2Findex.php%2Facquisti-online%2F|title:Acquisti%20online&#8221;][\/vc_column][\/vc_row][vc_row full_width=&#8221;stretch_row&#8221; css=&#8221;.vc_custom_1699194923712{background-color: #1e1e1e !important;}&#8221;][vc_column][vc_custom_heading heading_style=&#8221;heading_style_5&#8243; text=&#8221;Trama&#8221; google_fonts=&#8221;font_family:Playfair%20Display%3Aregular%2Citalic%2C700%2C700italic%2C900%2C900italic|font_style:400%20regular%3A400%3Anormal&#8221;][vc_separator][vc_column_text]Mother Mary era una popstar acclamata in tutto il mondo, ma ora non calca il palcoscenico da pi\u00f9 di dieci anni. Per risorgere si rivolge a Sam: era la sua migliore amica e la sua costumista di fiducia, nel frattempo diventata una stimata professionista senza di lei. Ora la cantante, in piena crisi emotiva, ha bisogno del suo talento per gli abiti del nuovo tour. Il loro rapporto, per\u00f2, si \u00e8 interrotto bruscamente e lo strappo non si \u00e8 mai ricucito. Sam \u00e8 interdetta e ancora ferita. L&#8217;incontro scoperchia le ruggini del passato e porta entrambe alla traumatica esplorazione di una relazione un tempo cos\u00ec vitale. Tra pressioni pubbliche, frenetica preparazione delle coreografie, ricordi, liti e riti d&#8217;espiazione, questo rapporto di amore-odio sar\u00e0 centrale per scolpire di nuovo l&#8217;icona di un&#8217;artista che ha fatto innamorare tutto il pianeta.[\/vc_column_text][\/vc_column][\/vc_row][vc_row full_width=&#8221;stretch_row_content&#8221; css=&#8221;.vc_custom_1699196736216{margin-top: 0px !important;margin-bottom: -10px !important;background-color: #a31320 !important;}&#8221;][vc_column][\/vc_column][\/vc_row]<\/p>\n<\/div>","protected":false},"excerpt":{"rendered":"<p>[vc_row full_width=&#8221;stretch_row&#8221; css=&#8221;.vc_custom_1702110183790{margin-top: -175px !important;background-color: #1e1e1e !important;}&#8221;][vc_column width=&#8221;1\/4&#8243;][vc_single_image image=&#8221;9578&#8243; img_size=&#8221;full&#8221;][\/vc_column][vc_column width=&#8221;3\/4&#8243;][vc_row_inner][vc_column_inner][vc_column_text]Genere: Drammatico Durata: 112 minuti Regia: David Lowery Cast: Anne Hathaway, Michaela Coel, Hunter Schafer, Sian Clifford, Atheena Frizzell[\/vc_column_text][\/vc_column_inner][\/vc_row_inner][vc_btn title=&#8221;Guarda il Trailer&#8221; color=&#8221;danger&#8221; link=&#8221;url:https%3A%2F%2Fwww.youtube.com%2Fwatch%3Fv%3DsNIUIKZ2vxM%26pp%3DygUTbW90aGVyIG1hcnkgdHJhaWxlctIHCQkDCwGHKiGM7w%253D%253D|target:_blank&#8221;][vc_btn title=&#8221;Acquista Ora&#8221; color=&#8221;danger&#8221; link=&#8221;url:https%3A%2F%2Fstabiahall.it%2Findex.php%2Facquisti-online%2F|title:Acquisti%20online&#8221;][\/vc_column][\/vc_row][vc_row full_width=&#8221;stretch_row&#8221; css=&#8221;.vc_custom_1699194923712{background-color: #1e1e1e !important;}&#8221;][vc_column][vc_custom_heading heading_style=&#8221;heading_style_5&#8243; text=&#8221;Trama&#8221; google_fonts=&#8221;font_family:Playfair%20Display%3Aregular%2Citalic%2C700%2C700italic%2C900%2C900italic|font_style:400%20regular%3A400%3Anormal&#8221;][vc_separator][vc_column_text]Mother Mary era una popstar acclamata in tutto il mondo, ma [&hellip;]<\/p>\n","protected":false},"author":3,"featured_media":0,"parent":0,"menu_order":0,"comment_status":"closed","ping_status":"closed","template":"","meta":{"footnotes":""},"class_list":["post-9579","page","type-page","status-publish","hentry","clearfix"],"yoast_head":"<!-- This site is optimized with the Yoast SEO plugin v22.7 - https:\/\/yoast.com\/wordpress\/plugins\/seo\/ -->\n<title>Mother Mary - Stabia Hall<\/title>\n<meta name=\"robots\" content=\"noindex, follow\" \/>\n<meta property=\"og:locale\" content=\"it_IT\" \/>\n<meta property=\"og:type\" content=\"article\" \/>\n<meta property=\"og:title\" content=\"Mother Mary - Stabia Hall\" \/>\n<meta property=\"og:description\" content=\"[vc_row full_width=&#8221;stretch_row&#8221; css=&#8221;.vc_custom_1702110183790{margin-top: -175px !important;background-color: #1e1e1e !important;}&#8221;][vc_column width=&#8221;1\/4&#8243;][vc_single_image image=&#8221;9578&#8243; img_size=&#8221;full&#8221;][\/vc_column][vc_column width=&#8221;3\/4&#8243;][vc_row_inner][vc_column_inner][vc_column_text]Genere: Drammatico Durata: 112 minuti Regia: David Lowery Cast: Anne Hathaway, Michaela Coel, Hunter Schafer, Sian Clifford, Atheena Frizzell[\/vc_column_text][\/vc_column_inner][\/vc_row_inner][vc_btn title=&#8221;Guarda il Trailer&#8221; color=&#8221;danger&#8221; link=&#8221;url:https%3A%2F%2Fwww.youtube.com%2Fwatch%3Fv%3DsNIUIKZ2vxM%26pp%3DygUTbW90aGVyIG1hcnkgdHJhaWxlctIHCQkDCwGHKiGM7w%253D%253D|target:_blank&#8221;][vc_btn title=&#8221;Acquista Ora&#8221; color=&#8221;danger&#8221; link=&#8221;url:https%3A%2F%2Fstabiahall.it%2Findex.php%2Facquisti-online%2F|title:Acquisti%20online&#8221;][\/vc_column][\/vc_row][vc_row full_width=&#8221;stretch_row&#8221; css=&#8221;.vc_custom_1699194923712{background-color: #1e1e1e !important;}&#8221;][vc_column][vc_custom_heading heading_style=&#8221;heading_style_5&#8243; text=&#8221;Trama&#8221; google_fonts=&#8221;font_family:Playfair%20Display%3Aregular%2Citalic%2C700%2C700italic%2C900%2C900italic|font_style:400%20regular%3A400%3Anormal&#8221;][vc_separator][vc_column_text]Mother Mary era una popstar acclamata in tutto il mondo, ma [&hellip;]\" \/>\n<meta property=\"og:url\" content=\"https:\/\/stabiahall.it\/index.php\/mother-mary\/\" \/>\n<meta property=\"og:site_name\" content=\"Stabia Hall\" \/>\n<meta property=\"article:modified_time\" content=\"2026-05-11T15:49:45+00:00\" \/>\n<meta name=\"twitter:card\" content=\"summary_large_image\" \/>\n<script type=\"application\/ld+json\" class=\"yoast-schema-graph\">{\"@context\":\"https:\/\/schema.org\",\"@graph\":[{\"@type\":\"WebPage\",\"@id\":\"https:\/\/stabiahall.it\/index.php\/mother-mary\/\",\"url\":\"https:\/\/stabiahall.it\/index.php\/mother-mary\/\",\"name\":\"Mother Mary - Stabia Hall\",\"isPartOf\":{\"@id\":\"https:\/\/stabiahall.it\/#website\"},\"datePublished\":\"2026-05-11T15:48:22+00:00\",\"dateModified\":\"2026-05-11T15:49:45+00:00\",\"breadcrumb\":{\"@id\":\"https:\/\/stabiahall.it\/index.php\/mother-mary\/#breadcrumb\"},\"inLanguage\":\"it-IT\",\"potentialAction\":[{\"@type\":\"ReadAction\",\"target\":[\"https:\/\/stabiahall.it\/index.php\/mother-mary\/\"]}]},{\"@type\":\"BreadcrumbList\",\"@id\":\"https:\/\/stabiahall.it\/index.php\/mother-mary\/#breadcrumb\",\"itemListElement\":[{\"@type\":\"ListItem\",\"position\":1,\"name\":\"Home\",\"item\":\"https:\/\/stabiahall.it\/\"},{\"@type\":\"ListItem\",\"position\":2,\"name\":\"Mother Mary\"}]},{\"@type\":\"WebSite\",\"@id\":\"https:\/\/stabiahall.it\/#website\",\"url\":\"https:\/\/stabiahall.it\/\",\"name\":\"Stabia Hall\",\"description\":\"\",\"potentialAction\":[{\"@type\":\"SearchAction\",\"target\":{\"@type\":\"EntryPoint\",\"urlTemplate\":\"https:\/\/stabiahall.it\/?s={search_term_string}\"},\"query-input\":\"required name=search_term_string\"}],\"inLanguage\":\"it-IT\"}]}<\/script>\n<!-- \/ Yoast SEO plugin. -->","yoast_head_json":{"title":"Mother Mary - Stabia Hall","robots":{"index":"noindex","follow":"follow"},"og_locale":"it_IT","og_type":"article","og_title":"Mother Mary - Stabia Hall","og_description":"[vc_row full_width=&#8221;stretch_row&#8221; css=&#8221;.vc_custom_1702110183790{margin-top: -175px !important;background-color: #1e1e1e !important;}&#8221;][vc_column width=&#8221;1\/4&#8243;][vc_single_image image=&#8221;9578&#8243; img_size=&#8221;full&#8221;][\/vc_column][vc_column width=&#8221;3\/4&#8243;][vc_row_inner][vc_column_inner][vc_column_text]Genere: Drammatico Durata: 112 minuti Regia: David Lowery Cast: Anne Hathaway, Michaela Coel, Hunter Schafer, Sian Clifford, Atheena Frizzell[\/vc_column_text][\/vc_column_inner][\/vc_row_inner][vc_btn title=&#8221;Guarda il Trailer&#8221; color=&#8221;danger&#8221; link=&#8221;url:https%3A%2F%2Fwww.youtube.com%2Fwatch%3Fv%3DsNIUIKZ2vxM%26pp%3DygUTbW90aGVyIG1hcnkgdHJhaWxlctIHCQkDCwGHKiGM7w%253D%253D|target:_blank&#8221;][vc_btn title=&#8221;Acquista Ora&#8221; color=&#8221;danger&#8221; link=&#8221;url:https%3A%2F%2Fstabiahall.it%2Findex.php%2Facquisti-online%2F|title:Acquisti%20online&#8221;][\/vc_column][\/vc_row][vc_row full_width=&#8221;stretch_row&#8221; css=&#8221;.vc_custom_1699194923712{background-color: #1e1e1e !important;}&#8221;][vc_column][vc_custom_heading heading_style=&#8221;heading_style_5&#8243; text=&#8221;Trama&#8221; google_fonts=&#8221;font_family:Playfair%20Display%3Aregular%2Citalic%2C700%2C700italic%2C900%2C900italic|font_style:400%20regular%3A400%3Anormal&#8221;][vc_separator][vc_column_text]Mother Mary era una popstar acclamata in tutto il mondo, ma [&hellip;]","og_url":"https:\/\/stabiahall.it\/index.php\/mother-mary\/","og_site_name":"Stabia Hall","article_modified_time":"2026-05-11T15:49:45+00:00","twitter_card":"summary_large_image","schema":{"@context":"https:\/\/schema.org","@graph":[{"@type":"WebPage","@id":"https:\/\/stabiahall.it\/index.php\/mother-mary\/","url":"https:\/\/stabiahall.it\/index.php\/mother-mary\/","name":"Mother Mary - Stabia Hall","isPartOf":{"@id":"https:\/\/stabiahall.it\/#website"},"datePublished":"2026-05-11T15:48:22+00:00","dateModified":"2026-05-11T15:49:45+00:00","breadcrumb":{"@id":"https:\/\/stabiahall.it\/index.php\/mother-mary\/#breadcrumb"},"inLanguage":"it-IT","potentialAction":[{"@type":"ReadAction","target":["https:\/\/stabiahall.it\/index.php\/mother-mary\/"]}]},{"@type":"BreadcrumbList","@id":"https:\/\/stabiahall.it\/index.php\/mother-mary\/#breadcrumb","itemListElement":[{"@type":"ListItem","position":1,"name":"Home","item":"https:\/\/stabiahall.it\/"},{"@type":"ListItem","position":2,"name":"Mother Mary"}]},{"@type":"WebSite","@id":"https:\/\/stabiahall.it\/#website","url":"https:\/\/stabiahall.it\/","name":"Stabia Hall","description":"","potentialAction":[{"@type":"SearchAction","target":{"@type":"EntryPoint","urlTemplate":"https:\/\/stabiahall.it\/?s={search_term_string}"},"query-input":"required name=search_term_string"}],"inLanguage":"it-IT"}]}},"_links":{"self":[{"href":"https:\/\/stabiahall.it\/index.php\/wp-json\/wp\/v2\/pages\/9579","targetHints":{"allow":["GET"]}}],"collection":[{"href":"https:\/\/stabiahall.it\/index.php\/wp-json\/wp\/v2\/pages"}],"about":[{"href":"https:\/\/stabiahall.it\/index.php\/wp-json\/wp\/v2\/types\/page"}],"author":[{"embeddable":true,"href":"https:\/\/stabiahall.it\/index.php\/wp-json\/wp\/v2\/users\/3"}],"replies":[{"embeddable":true,"href":"https:\/\/stabiahall.it\/index.php\/wp-json\/wp\/v2\/comments?post=9579"}],"version-history":[{"count":2,"href":"https:\/\/stabiahall.it\/index.php\/wp-json\/wp\/v2\/pages\/9579\/revisions"}],"predecessor-version":[{"id":9581,"href":"https:\/\/stabiahall.it\/index.php\/wp-json\/wp\/v2\/pages\/9579\/revisions\/9581"}],"wp:attachment":[{"href":"https:\/\/stabiahall.it\/index.php\/wp-json\/wp\/v2\/media?parent=9579"}],"curies":[{"name":"wp","href":"https:\/\/api.w.org\/{rel}","templated":true}]}}